{"id":3394,"date":"2016-09-20T16:08:56","date_gmt":"2016-09-20T16:08:56","guid":{"rendered":"https:\/\/www.colazionedaaugusta.it\/arrivare-a-torino-in-auto-copy\/"},"modified":"2017-05-13T01:10:43","modified_gmt":"2017-05-13T01:10:43","slug":"chegando-em-turim-de-carro","status":"publish","type":"page","link":"https:\/\/www.colazionedaaugusta.it\/pt-br\/chegando-em-turim-de-carro\/","title":{"rendered":"Chegando em Turim de carro"},"content":{"rendered":"<p><div class=\"fusion-fullwidth fullwidth-box fusion-builder-row-1 fusion-flex-container nonhundred-percent-fullwidth non-hundred-percent-height-scrolling\" style=\"--awb-background-position:left top;--awb-border-radius-top-left:0px;--awb-border-radius-top-right:0px;--awb-border-radius-bottom-right:0px;--awb-border-radius-bottom-left:0px;--awb-padding-top:0px;--awb-padding-bottom:70px;--awb-border-sizes-top:0px;--awb-border-sizes-bottom:0px;--awb-flex-wrap:wrap;\" ><div class=\"fusion-builder-row fusion-row fusion-flex-align-items-stretch fusion-flex-content-wrap\" style=\"max-width:calc( 1170px + 0px );margin-left: calc(-0px \/ 2 );margin-right: calc(-0px \/ 2 );\"><div class=\"fusion-layout-column fusion_builder_column fusion-builder-column-0 fusion_builder_column_1_3 1_3 fusion-flex-column\" style=\"--awb-bg-position:right bottom;--awb-bg-size:cover;--awb-width-large:33.333333333333%;--awb-margin-top-large:0px;--awb-spacing-right-large:0px;--awb-margin-bottom-large:20px;--awb-spacing-left-large:0px;--awb-width-medium:100%;--awb-spacing-right-medium:0px;--awb-spacing-left-medium:0px;--awb-width-small:100%;--awb-spacing-right-small:0px;--awb-spacing-left-small:0px;\"><div class=\"fusion-column-wrapper fusion-flex-justify-content-flex-start fusion-content-layout-column\"><div class=\"fusion-text fusion-text-1\"><p>CHEGANDO DE CARRO<\/p>\n<\/div><div class=\"fusion-separator\" style=\"align-self: flex-start;margin-right:auto;margin-top:0px;margin-bottom:20px;width:100%;max-width:50px;\"><div class=\"fusion-separator-border sep-single sep-solid\" style=\"--awb-height:20px;--awb-amount:20px;--awb-sep-color:#cbaa5c;border-color:#cbaa5c;border-top-width:1px;\"><\/div><\/div><div class=\"fusion-text fusion-text-2\"><p>Devido \u00e0\u00a0sua localiza\u00e7\u00e3o , Turim\u00a0\u00e9 uma porta de entrada para a Europa. As sa\u00eddas de auto-estradas da cidade est\u00e3o localizados nos quatro pontos cardeais , garantindo assim , desta forma, um tr\u00e1fego r\u00e1pido e simplificado.<\/p>\n<p>Al\u00e9m disso, ao redor da cidade ,\u00a0existe um\u00a0anel rodovi\u00e1rio , que d\u00e1 acesso \u00e0s v\u00e1rias \u00e1reas da capital do Piemonte\u00a0sem ter que atravessar a cidade .<\/p>\n<\/div><div class=\"fusion-separator fusion-full-width-sep\" style=\"align-self: center;margin-left: auto;margin-right: auto;margin-top:15px;width:100%;\"><\/div><\/div><\/div><div class=\"fusion-layout-column fusion_builder_column fusion-builder-column-1 fusion_builder_column_2_3 2_3 fusion-flex-column\" style=\"--awb-padding-top:40px;--awb-padding-right:40px;--awb-padding-bottom:40px;--awb-padding-left:40px;--awb-bg-color:#ffffff;--awb-bg-color-hover:#ffffff;--awb-bg-position:right center;--awb-bg-size:cover;--awb-border-color:#ebeef1;--awb-border-top:1px;--awb-border-right:1px;--awb-border-bottom:1px;--awb-border-left:1px;--awb-border-style:solid;--awb-width-large:66.666666666667%;--awb-margin-top-large:0px;--awb-spacing-right-large:0px;--awb-margin-bottom-large:20px;--awb-spacing-left-large:0px;--awb-width-medium:100%;--awb-spacing-right-medium:0px;--awb-spacing-left-medium:0px;--awb-width-small:100%;--awb-spacing-right-small:0px;--awb-spacing-left-small:0px;\"><div class=\"fusion-column-wrapper fusion-flex-justify-content-flex-start fusion-content-layout-column\"><div class=\"fusion-image-element \" style=\"text-align:center;--awb-liftup-border-radius:0px;--awb-caption-title-font-family:var(--h2_typography-font-family);--awb-caption-title-font-weight:var(--h2_typography-font-weight);--awb-caption-title-font-style:var(--h2_typography-font-style);--awb-caption-title-size:var(--h2_typography-font-size);--awb-caption-title-transform:var(--h2_typography-text-transform);--awb-caption-title-line-height:var(--h2_typography-line-height);--awb-caption-title-letter-spacing:var(--h2_typography-letter-spacing);\"><div class=\"awb-image-frame awb-image-frame-1 imageframe-liftup\"><span class=\" fusion-imageframe imageframe-dropshadow imageframe-1\" style=\"border:13px solid #ffffff;-webkit-box-shadow: 3px 3px 7px rgba(0,0,0,0.3);box-shadow: 3px 3px 7px rgba(0,0,0,0.3);\"><img decoding=\"async\" width=\"450\" height=\"315\" alt=\"Le camere\" title=\"carminat-tom-tom-renault-navigatore-satellitare\" src=\"data:image\/svg+xml,%3Csvg%20xmlns%3D%27http%3A%2F%2Fwww.w3.org%2F2000%2Fsvg%27%20width%3D%27450%27%20height%3D%27315%27%20viewBox%3D%270%200%20450%20315%27%3E%3Crect%20width%3D%27450%27%20height%3D%27315%27%20fill-opacity%3D%220%22%2F%3E%3C%2Fsvg%3E\" data-orig-src=\"https:\/\/www.colazionedaaugusta.it\/wp-content\/uploads\/2016\/03\/carminat-tom-tom-renault-navigatore-satellitare.jpg\" class=\"lazyload img-responsive wp-image-3117\"\/><\/span><\/div><\/div><\/div><\/div><\/div><\/div><div class=\"fusion-fullwidth fullwidth-box fusion-builder-row-2 fusion-flex-container nonhundred-percent-fullwidth non-hundred-percent-height-scrolling\" style=\"--awb-background-position:left top;--awb-border-radius-top-left:0px;--awb-border-radius-top-right:0px;--awb-border-radius-bottom-right:0px;--awb-border-radius-bottom-left:0px;--awb-padding-top:0px;--awb-padding-bottom:35px;--awb-border-sizes-top:0px;--awb-border-sizes-bottom:0px;--awb-flex-wrap:wrap;\" ><div class=\"fusion-builder-row fusion-row fusion-flex-align-items-flex-start fusion-flex-content-wrap\" style=\"max-width:1216.8px;margin-left: calc(-4% \/ 2 );margin-right: calc(-4% \/ 2 );\"><div class=\"fusion-layout-column fusion_builder_column fusion-builder-column-2 fusion_builder_column_1_2 1_2 fusion-flex-column\" style=\"--awb-padding-top:20px;--awb-padding-right:20px;--awb-padding-bottom:20px;--awb-padding-left:20px;--awb-bg-color:#ffffff;--awb-bg-color-hover:#ffffff;--awb-bg-position:center top;--awb-bg-size:cover;--awb-width-large:50%;--awb-margin-top-large:0px;--awb-spacing-right-large:3.84%;--awb-margin-bottom-large:20px;--awb-spacing-left-large:3.84%;--awb-width-medium:100%;--awb-spacing-right-medium:1.92%;--awb-spacing-left-medium:1.92%;--awb-width-small:100%;--awb-spacing-right-small:1.92%;--awb-spacing-left-small:1.92%;\"><div class=\"fusion-column-wrapper lazyload fusion-flex-justify-content-flex-start fusion-content-layout-column fusion-column-has-bg-image\" data-bg-url=\"https:\/\/www.colazionedaaugusta.it\/wp-content\/uploads\/2016\/03\/mole-antonelliana-black-and-white.jpg\" data-bg=\"https:\/\/www.colazionedaaugusta.it\/wp-content\/uploads\/2016\/03\/mole-antonelliana-black-and-white.jpg\"><div class=\"fusion-separator fusion-full-width-sep\" style=\"align-self: center;margin-left: auto;margin-right: auto;margin-top:220px;width:100%;\"><\/div><div class=\"fusion-content-boxes content-boxes columns row fusion-columns-1 fusion-columns-total-1 fusion-content-boxes-1 content-boxes-icon-with-title content-left\" style=\"--awb-hover-accent-color:#cbaa5c;--awb-circle-hover-accent-color:#cbaa5c;--awb-item-margin-bottom:40px;\" data-animationOffset=\"top-into-view\"><div style=\"--awb-backgroundcolor:#ffffff;\" class=\"fusion-column content-box-column content-box-column content-box-column-1 col-lg-12 col-md-12 col-sm-12 fusion-content-box-hover content-box-column-last content-box-column-last-in-row\"><div class=\"col content-box-wrapper content-wrapper-background link-area-link-icon icon-hover-animation-pulsate\" data-animationOffset=\"top-into-view\"><div class=\"fusion-clearfix\"><\/div><div class=\"content-container\">\n<h2 style=\"text-align: center;\" data-fontsize=\"26\" data-lineheight=\"44\">Se chegar de auto-estrada<\/h2>\n<h2 style=\"text-align: center;\" data-fontsize=\"26\" data-lineheight=\"44\">A4 (Milano) ou A5 (Ivrea)<\/h2>\n<div class=\"fusion-sep-clear\">\u00a0<div class=\"fusion-separator\" style=\"align-self: center;margin-left: auto;margin-right: auto;margin-top:20px;margin-bottom:20px;width:100%;max-width:50px;\"><div class=\"fusion-separator-border sep-single sep-solid\" style=\"--awb-height:20px;--awb-amount:20px;--awb-sep-color:#cbaa5c;border-color:#cbaa5c;border-top-width:1px;\"><\/div><\/div><\/div>\n<ul>\n<li>Sa\u00ecda: Corso Giulio Cesare, 9 km<\/li>\n<li><a href=\"https:\/\/www.google.it\/maps\/dir\/A4,+10156+Torino\/Via+Bernardo+Vittone,+1,+10131+Torino\/@45.0924494,7.6812077,13z\/data=!3m1!4b1!4m13!4m12!1m5!1m1!1s0x4786c4ba2c4174a5:0x37d61faf4597eca8!2m2!1d7.7125747!2d45.1211879!1m5!1m1!1s0x4788729079e0f385:0x1e7fe5af4661bb3c!2m2!1d7.7086421!2d45.0657146\" target=\"_blank\">Detalhe (abre uma nova aba )<\/a><\/li>\n<\/ul>\n<\/div><\/div><\/div><div class=\"fusion-clearfix\"><\/div><\/div><div class=\"fusion-separator fusion-full-width-sep\" style=\"align-self: center;margin-left: auto;margin-right: auto;margin-top:-82px;width:100%;\"><\/div><\/div><\/div><div class=\"fusion-layout-column fusion_builder_column fusion-builder-column-3 fusion_builder_column_1_2 1_2 fusion-flex-column\" style=\"--awb-padding-top:20px;--awb-padding-right:20px;--awb-padding-bottom:20px;--awb-padding-left:20px;--awb-bg-color:#ffffff;--awb-bg-color-hover:#ffffff;--awb-bg-position:center top;--awb-bg-size:cover;--awb-width-large:50%;--awb-margin-top-large:0px;--awb-spacing-right-large:3.84%;--awb-margin-bottom-large:20px;--awb-spacing-left-large:3.84%;--awb-width-medium:100%;--awb-spacing-right-medium:1.92%;--awb-spacing-left-medium:1.92%;--awb-width-small:100%;--awb-spacing-right-small:1.92%;--awb-spacing-left-small:1.92%;\"><div class=\"fusion-column-wrapper lazyload fusion-flex-justify-content-flex-start fusion-content-layout-column fusion-column-has-bg-image\" data-bg-url=\"https:\/\/www.colazionedaaugusta.it\/wp-content\/uploads\/2016\/03\/torino-by-night.jpg\" data-bg=\"https:\/\/www.colazionedaaugusta.it\/wp-content\/uploads\/2016\/03\/torino-by-night.jpg\"><div class=\"fusion-separator fusion-full-width-sep\" style=\"align-self: center;margin-left: auto;margin-right: auto;margin-top:220px;width:100%;\"><\/div><div class=\"fusion-content-boxes content-boxes columns row fusion-columns-1 fusion-columns-total-1 fusion-content-boxes-2 content-boxes-icon-with-title content-left\" style=\"--awb-hover-accent-color:#cbaa5c;--awb-circle-hover-accent-color:#cbaa5c;--awb-item-margin-bottom:40px;\" data-animationOffset=\"top-into-view\"><div style=\"--awb-backgroundcolor:#ffffff;\" class=\"fusion-column content-box-column content-box-column content-box-column-1 col-lg-12 col-md-12 col-sm-12 fusion-content-box-hover content-box-column-last content-box-column-last-in-row\"><div class=\"col content-box-wrapper content-wrapper-background link-area-link-icon icon-hover-animation-pulsate\" data-animationOffset=\"top-into-view\"><div class=\"fusion-clearfix\"><\/div><div class=\"content-container\">\n<h2 style=\"text-align: center;\" data-fontsize=\"26\" data-lineheight=\"44\">Se chegar de estrada<\/h2>\n<h2 style=\"text-align: center;\" data-fontsize=\"26\" data-lineheight=\"44\">A6 (Savona) ou A21 (Piacenza)<\/h2>\n<div class=\"fusion-sep-clear\">\u00a0<div class=\"fusion-separator\" style=\"align-self: center;margin-left: auto;margin-right: auto;margin-top:20px;margin-bottom:20px;width:100%;max-width:50px;\"><div class=\"fusion-separator-border sep-single sep-solid\" style=\"--awb-height:20px;--awb-amount:20px;--awb-sep-color:#cbaa5c;border-color:#cbaa5c;border-top-width:1px;\"><\/div><\/div><\/div>\n<ul>\n<li>Sa\u00ecda: Corso Trieste, 8 km<\/li>\n<li><a href=\"https:\/\/www.google.it\/maps\/dir\/Corso+Trieste,+10024+Moncalieri+TO\/Via+Bernardo+Vittone,+1,+10131+Torino\/@45.03744,7.6475396,13z\/data=!3m1!4b1!4m13!4m12!1m5!1m1!1s0x4788128682354433:0xb8863b77c73faff1!2m2!1d7.6722644!2d45.0078488!1m5!1m1!1s0x4788729079e0f385:0x1e7fe5af4661bb3c!2m2!1d7.7086421!2d45.0657146\" target=\"_blank\">Detalhe (abre uma nova aba )<\/a><\/li>\n<\/ul>\n<\/div><\/div><\/div><div class=\"fusion-clearfix\"><\/div><\/div><div class=\"fusion-separator fusion-full-width-sep\" style=\"align-self: center;margin-left: auto;margin-right: auto;margin-top:-82px;width:100%;\"><\/div><\/div><\/div><\/div><\/div><\/p>\n","protected":false},"excerpt":{"rendered":"","protected":false},"author":1,"featured_media":0,"parent":0,"menu_order":0,"comment_status":"open","ping_status":"open","template":"100-width.php","meta":{"footnotes":""},"class_list":["post-3394","page","type-page","status-publish","hentry"],"yoast_head":"<!-- This site is optimized with the Yoast SEO plugin v26.3 - https:\/\/yoast.com\/wordpress\/plugins\/seo\/ -->\n<title>Colazione da Augusta - chegando em Turim de carro<\/title>\n<meta name=\"description\" content=\"Come chegar em Colazione da Augusta - chegando em Turim de carro, todas as instru\u00e7\u00f5es de auto-estradas, f\u00e1cil, mesmo se voc\u00ea n\u00e3o tem um navegador\" \/>\n<meta name=\"robots\" content=\"index, follow, max-snippet:-1, max-image-preview:large, max-video-preview:-1\" \/>\n<link rel=\"canonical\" href=\"https:\/\/www.colazionedaaugusta.it\/pt-br\/chegando-em-turim-de-carro\/\" \/>\n<meta property=\"og:locale\" content=\"pt_BR\" \/>\n<meta property=\"og:type\" content=\"article\" \/>\n<meta property=\"og:title\" content=\"Colazione da Augusta - chegando em Turim de carro\" \/>\n<meta property=\"og:description\" content=\"Come chegar em Colazione da Augusta - chegando em Turim de carro, todas as instru\u00e7\u00f5es de auto-estradas, f\u00e1cil, mesmo se voc\u00ea n\u00e3o tem um navegador\" \/>\n<meta property=\"og:url\" content=\"https:\/\/www.colazionedaaugusta.it\/pt-br\/chegando-em-turim-de-carro\/\" \/>\n<meta property=\"og:site_name\" content=\"Colazione da Augusta - Bed &amp; Breakfast\" \/>\n<meta property=\"article:publisher\" content=\"http:\/\/www.facebook.com\/colazionedaaugusta\" \/>\n<meta property=\"article:modified_time\" content=\"2017-05-13T01:10:43+00:00\" \/>\n<meta property=\"og:image\" content=\"https:\/\/www.colazionedaaugusta.it\/wp-content\/uploads\/2016\/03\/carminat-tom-tom-renault-navigatore-satellitare.jpg\" \/>\n<meta name=\"twitter:card\" content=\"summary_large_image\" \/>\n<meta name=\"twitter:label1\" content=\"Est. tempo de leitura\" \/>\n\t<meta name=\"twitter:data1\" content=\"5 minutos\" \/>\n<script type=\"application\/ld+json\" class=\"yoast-schema-graph\">{\"@context\":\"https:\/\/schema.org\",\"@graph\":[{\"@type\":\"WebPage\",\"@id\":\"https:\/\/www.colazionedaaugusta.it\/pt-br\/chegando-em-turim-de-carro\/\",\"url\":\"https:\/\/www.colazionedaaugusta.it\/pt-br\/chegando-em-turim-de-carro\/\",\"name\":\"Colazione da Augusta - chegando em Turim de carro\",\"isPartOf\":{\"@id\":\"https:\/\/www.colazionedaaugusta.it\/#website\"},\"primaryImageOfPage\":{\"@id\":\"https:\/\/www.colazionedaaugusta.it\/pt-br\/chegando-em-turim-de-carro\/#primaryimage\"},\"image\":{\"@id\":\"https:\/\/www.colazionedaaugusta.it\/pt-br\/chegando-em-turim-de-carro\/#primaryimage\"},\"thumbnailUrl\":\"https:\/\/www.colazionedaaugusta.it\/wp-content\/uploads\/2016\/03\/carminat-tom-tom-renault-navigatore-satellitare.jpg\",\"datePublished\":\"2016-09-20T16:08:56+00:00\",\"dateModified\":\"2017-05-13T01:10:43+00:00\",\"description\":\"Come chegar em Colazione da Augusta - chegando em Turim de carro, todas as instru\u00e7\u00f5es de auto-estradas, f\u00e1cil, mesmo se voc\u00ea n\u00e3o tem um navegador\",\"breadcrumb\":{\"@id\":\"https:\/\/www.colazionedaaugusta.it\/pt-br\/chegando-em-turim-de-carro\/#breadcrumb\"},\"inLanguage\":\"pt-BR\",\"potentialAction\":[{\"@type\":\"ReadAction\",\"target\":[\"https:\/\/www.colazionedaaugusta.it\/pt-br\/chegando-em-turim-de-carro\/\"]}]},{\"@type\":\"ImageObject\",\"inLanguage\":\"pt-BR\",\"@id\":\"https:\/\/www.colazionedaaugusta.it\/pt-br\/chegando-em-turim-de-carro\/#primaryimage\",\"url\":\"https:\/\/www.colazionedaaugusta.it\/wp-content\/uploads\/2016\/03\/carminat-tom-tom-renault-navigatore-satellitare.jpg\",\"contentUrl\":\"https:\/\/www.colazionedaaugusta.it\/wp-content\/uploads\/2016\/03\/carminat-tom-tom-renault-navigatore-satellitare.jpg\"},{\"@type\":\"BreadcrumbList\",\"@id\":\"https:\/\/www.colazionedaaugusta.it\/pt-br\/chegando-em-turim-de-carro\/#breadcrumb\",\"itemListElement\":[{\"@type\":\"ListItem\",\"position\":1,\"name\":\"Home\",\"item\":\"https:\/\/www.colazionedaaugusta.it\/pt-br\/\"},{\"@type\":\"ListItem\",\"position\":2,\"name\":\"Chegando em Turim de carro\"}]},{\"@type\":\"WebSite\",\"@id\":\"https:\/\/www.colazionedaaugusta.it\/#website\",\"url\":\"https:\/\/www.colazionedaaugusta.it\/\",\"name\":\"Colazione da Augusta - Bed &amp; Breakfast\",\"description\":\"L&#039;amore per l&#039;ospitalit\u00e0 e la buona cucina\",\"publisher\":{\"@id\":\"https:\/\/www.colazionedaaugusta.it\/#organization\"},\"potentialAction\":[{\"@type\":\"SearchAction\",\"target\":{\"@type\":\"EntryPoint\",\"urlTemplate\":\"https:\/\/www.colazionedaaugusta.it\/?s={search_term_string}\"},\"query-input\":{\"@type\":\"PropertyValueSpecification\",\"valueRequired\":true,\"valueName\":\"search_term_string\"}}],\"inLanguage\":\"pt-BR\"},{\"@type\":\"Organization\",\"@id\":\"https:\/\/www.colazionedaaugusta.it\/#organization\",\"name\":\"Colazione da Augusta\",\"url\":\"https:\/\/www.colazionedaaugusta.it\/\",\"logo\":{\"@type\":\"ImageObject\",\"inLanguage\":\"pt-BR\",\"@id\":\"https:\/\/www.colazionedaaugusta.it\/#\/schema\/logo\/image\/\",\"url\":\"https:\/\/www.colazionedaaugusta.it\/wp-content\/uploads\/2017\/01\/colazione-da-augusta_redim.png\",\"contentUrl\":\"https:\/\/www.colazionedaaugusta.it\/wp-content\/uploads\/2017\/01\/colazione-da-augusta_redim.png\",\"width\":185,\"height\":183,\"caption\":\"Colazione da Augusta\"},\"image\":{\"@id\":\"https:\/\/www.colazionedaaugusta.it\/#\/schema\/logo\/image\/\"},\"sameAs\":[\"http:\/\/www.facebook.com\/colazionedaaugusta\",\"https:\/\/www.instagram.com\/colazionedaaugusta\/\",\"https:\/\/it.pinterest.com\/linuxiana\/\"]}]}<\/script>\n<!-- \/ Yoast SEO plugin. -->","yoast_head_json":{"title":"Colazione da Augusta - chegando em Turim de carro","description":"Come chegar em Colazione da Augusta - chegando em Turim de carro, todas as instru\u00e7\u00f5es de auto-estradas, f\u00e1cil, mesmo se voc\u00ea n\u00e3o tem um navegador","robots":{"index":"index","follow":"follow","max-snippet":"max-snippet:-1","max-image-preview":"max-image-preview:large","max-video-preview":"max-video-preview:-1"},"canonical":"https:\/\/www.colazionedaaugusta.it\/pt-br\/chegando-em-turim-de-carro\/","og_locale":"pt_BR","og_type":"article","og_title":"Colazione da Augusta - chegando em Turim de carro","og_description":"Come chegar em Colazione da Augusta - chegando em Turim de carro, todas as instru\u00e7\u00f5es de auto-estradas, f\u00e1cil, mesmo se voc\u00ea n\u00e3o tem um navegador","og_url":"https:\/\/www.colazionedaaugusta.it\/pt-br\/chegando-em-turim-de-carro\/","og_site_name":"Colazione da Augusta - Bed &amp; Breakfast","article_publisher":"http:\/\/www.facebook.com\/colazionedaaugusta","article_modified_time":"2017-05-13T01:10:43+00:00","og_image":[{"url":"https:\/\/www.colazionedaaugusta.it\/wp-content\/uploads\/2016\/03\/carminat-tom-tom-renault-navigatore-satellitare.jpg","type":"","width":"","height":""}],"twitter_card":"summary_large_image","twitter_misc":{"Est. tempo de leitura":"5 minutos"},"schema":{"@context":"https:\/\/schema.org","@graph":[{"@type":"WebPage","@id":"https:\/\/www.colazionedaaugusta.it\/pt-br\/chegando-em-turim-de-carro\/","url":"https:\/\/www.colazionedaaugusta.it\/pt-br\/chegando-em-turim-de-carro\/","name":"Colazione da Augusta - chegando em Turim de carro","isPartOf":{"@id":"https:\/\/www.colazionedaaugusta.it\/#website"},"primaryImageOfPage":{"@id":"https:\/\/www.colazionedaaugusta.it\/pt-br\/chegando-em-turim-de-carro\/#primaryimage"},"image":{"@id":"https:\/\/www.colazionedaaugusta.it\/pt-br\/chegando-em-turim-de-carro\/#primaryimage"},"thumbnailUrl":"https:\/\/www.colazionedaaugusta.it\/wp-content\/uploads\/2016\/03\/carminat-tom-tom-renault-navigatore-satellitare.jpg","datePublished":"2016-09-20T16:08:56+00:00","dateModified":"2017-05-13T01:10:43+00:00","description":"Come chegar em Colazione da Augusta - chegando em Turim de carro, todas as instru\u00e7\u00f5es de auto-estradas, f\u00e1cil, mesmo se voc\u00ea n\u00e3o tem um navegador","breadcrumb":{"@id":"https:\/\/www.colazionedaaugusta.it\/pt-br\/chegando-em-turim-de-carro\/#breadcrumb"},"inLanguage":"pt-BR","potentialAction":[{"@type":"ReadAction","target":["https:\/\/www.colazionedaaugusta.it\/pt-br\/chegando-em-turim-de-carro\/"]}]},{"@type":"ImageObject","inLanguage":"pt-BR","@id":"https:\/\/www.colazionedaaugusta.it\/pt-br\/chegando-em-turim-de-carro\/#primaryimage","url":"https:\/\/www.colazionedaaugusta.it\/wp-content\/uploads\/2016\/03\/carminat-tom-tom-renault-navigatore-satellitare.jpg","contentUrl":"https:\/\/www.colazionedaaugusta.it\/wp-content\/uploads\/2016\/03\/carminat-tom-tom-renault-navigatore-satellitare.jpg"},{"@type":"BreadcrumbList","@id":"https:\/\/www.colazionedaaugusta.it\/pt-br\/chegando-em-turim-de-carro\/#breadcrumb","itemListElement":[{"@type":"ListItem","position":1,"name":"Home","item":"https:\/\/www.colazionedaaugusta.it\/pt-br\/"},{"@type":"ListItem","position":2,"name":"Chegando em Turim de carro"}]},{"@type":"WebSite","@id":"https:\/\/www.colazionedaaugusta.it\/#website","url":"https:\/\/www.colazionedaaugusta.it\/","name":"Colazione da Augusta - Bed &amp; Breakfast","description":"L&#039;amore per l&#039;ospitalit\u00e0 e la buona cucina","publisher":{"@id":"https:\/\/www.colazionedaaugusta.it\/#organization"},"potentialAction":[{"@type":"SearchAction","target":{"@type":"EntryPoint","urlTemplate":"https:\/\/www.colazionedaaugusta.it\/?s={search_term_string}"},"query-input":{"@type":"PropertyValueSpecification","valueRequired":true,"valueName":"search_term_string"}}],"inLanguage":"pt-BR"},{"@type":"Organization","@id":"https:\/\/www.colazionedaaugusta.it\/#organization","name":"Colazione da Augusta","url":"https:\/\/www.colazionedaaugusta.it\/","logo":{"@type":"ImageObject","inLanguage":"pt-BR","@id":"https:\/\/www.colazionedaaugusta.it\/#\/schema\/logo\/image\/","url":"https:\/\/www.colazionedaaugusta.it\/wp-content\/uploads\/2017\/01\/colazione-da-augusta_redim.png","contentUrl":"https:\/\/www.colazionedaaugusta.it\/wp-content\/uploads\/2017\/01\/colazione-da-augusta_redim.png","width":185,"height":183,"caption":"Colazione da Augusta"},"image":{"@id":"https:\/\/www.colazionedaaugusta.it\/#\/schema\/logo\/image\/"},"sameAs":["http:\/\/www.facebook.com\/colazionedaaugusta","https:\/\/www.instagram.com\/colazionedaaugusta\/","https:\/\/it.pinterest.com\/linuxiana\/"]}]}},"_links":{"self":[{"href":"https:\/\/www.colazionedaaugusta.it\/pt-br\/wp-json\/wp\/v2\/pages\/3394","targetHints":{"allow":["GET"]}}],"collection":[{"href":"https:\/\/www.colazionedaaugusta.it\/pt-br\/wp-json\/wp\/v2\/pages"}],"about":[{"href":"https:\/\/www.colazionedaaugusta.it\/pt-br\/wp-json\/wp\/v2\/types\/page"}],"author":[{"embeddable":true,"href":"https:\/\/www.colazionedaaugusta.it\/pt-br\/wp-json\/wp\/v2\/users\/1"}],"replies":[{"embeddable":true,"href":"https:\/\/www.colazionedaaugusta.it\/pt-br\/wp-json\/wp\/v2\/comments?post=3394"}],"version-history":[{"count":0,"href":"https:\/\/www.colazionedaaugusta.it\/pt-br\/wp-json\/wp\/v2\/pages\/3394\/revisions"}],"wp:attachment":[{"href":"https:\/\/www.colazionedaaugusta.it\/pt-br\/wp-json\/wp\/v2\/media?parent=3394"}],"curies":[{"name":"wp","href":"https:\/\/api.w.org\/{rel}","templated":true}]}}