{"id":2707,"date":"2016-04-02T07:52:01","date_gmt":"2016-04-02T07:52:01","guid":{"rendered":"https:\/\/www.colazionedaaugusta.it\/pt-br\/condizioni-di-prenotazione\/"},"modified":"2025-10-20T09:18:41","modified_gmt":"2025-10-20T07:18:41","slug":"termos-e-condicoes","status":"publish","type":"page","link":"https:\/\/www.colazionedaaugusta.it\/pt-br\/termos-e-condicoes\/","title":{"rendered":"Termos e condi\u00e7\u00f5es"},"content":{"rendered":"<div class=\"fusion-fullwidth fullwidth-box fusion-builder-row-1 fusion-flex-container nonhundred-percent-fullwidth non-hundred-percent-height-scrolling\" style=\"--awb-background-position:left top;--awb-border-sizes-top:0px;--awb-border-sizes-bottom:0px;--awb-border-sizes-left:0px;--awb-border-sizes-right:0px;--awb-border-radius-top-left:0px;--awb-border-radius-top-right:0px;--awb-border-radius-bottom-right:0px;--awb-border-radius-bottom-left:0px;--awb-padding-top:130px;--awb-padding-right:0px;--awb-padding-bottom:130px;--awb-padding-left:0px;--awb-flex-wrap:wrap;\" ><div class=\"fusion-builder-row fusion-row fusion-flex-align-items-flex-start fusion-flex-content-wrap\" style=\"max-width:1216.8px;margin-left: calc(-4% \/ 2 );margin-right: calc(-4% \/ 2 );\"><div class=\"fusion-layout-column fusion_builder_column fusion-builder-column-0 fusion_builder_column_1_1 1_1 fusion-flex-column\" style=\"--awb-bg-size:cover;--awb-width-large:100%;--awb-margin-top-large:0px;--awb-spacing-right-large:1.92%;--awb-margin-bottom-large:20px;--awb-spacing-left-large:1.92%;--awb-width-medium:100%;--awb-spacing-right-medium:1.92%;--awb-spacing-left-medium:1.92%;--awb-width-small:100%;--awb-spacing-right-small:1.92%;--awb-spacing-left-small:1.92%;\"><div class=\"fusion-column-wrapper fusion-flex-justify-content-flex-start fusion-content-layout-column\"><i class=\"fb-icon-element-1 fb-icon-element fontawesome-icon fa fa-home circle-yes fusion-text-flow left\" style=\"--awb-iconcolor:#444444;--awb-iconcolor-hover:#444444;--awb-circlecolor:transparent;--awb-circlecolor-hover:transparent;--awb-circlebordercolor:#444444;--awb-circlebordercolor-hover:#444444;--awb-circlebordersize:1px;--awb-font-size:35.2px;--awb-width:70.4px;--awb-height:70.4px;--awb-line-height:68.4px;--awb-margin-right:20px;\"><\/i><div class=\"fusion-text fusion-text-1\"><h2>Condi\u00e7\u00f5es de reserva<\/h2>\n<ol>\n<li style=\"text-align: justify;\">A reserva pode ser feita atrav\u00e9s transfer\u00eancia banc\u00e1ria.<\/li>\n<li style=\"text-align: justify;\">S\u00f3 se <strong>expressamente autorizado<\/strong> , ser\u00e0 possivel pagar\u00a0o valor\u00a0total\u00a0na chegada no\u00a0b&amp;b, sem\u00a0antecipar nenhum pagamento.<\/li>\n<li style=\"text-align: justify;\">Ao fim de confirmar a sua reserva, voc\u00ea ter\u00e1 que pagar uma AVAN\u00c7AMENTO\u00a0de 30% do custo total da estadia. Esse\u00a0pagamento dever\u00e1 ser feito por meio de transferencia banc\u00e0ria\u00a0ap\u00f3s o processo de reserva. At\u00e9 o adiantamento n\u00e3o chegar, a sua reserva n\u00e3o ser\u00e1 considerada confirmada, e , se\u00a0n\u00e3o tiver\u00a0outros acordos\u00a0com a direc\u00e7\u00e3o, o \u00a0quarto ser\u00e1 desembara\u00e7ado e liberado para venda. A sua reserva ser\u00e1 considerada confirmada quando receber o e-mail de confirma\u00e7\u00e3o que cont\u00e9m , entre outras coisas , informa\u00e7\u00f5es importantes , incluindo instru\u00e7\u00f5es para chegar no b&amp;b. N\u00f3s te convidamos a imprimi-lo e traz\u00ea-lo com voc\u00ea. Se voc\u00ea tiver problemas durante o processo de reserva no site ou n\u00e3o recebeu o e-mail de confirma\u00e7\u00e3o, entre em contato conosco o mais r\u00e1pido poss\u00edvel no\u00a0seguinte numero de telefone 39.3475256112 ou atrav\u00e9s da e-mail :\u00a0info@colazionedaaugusta.it<\/li>\n<li style=\"text-align: justify;\">Apresentar um documento v\u00e1lido de identifica\u00e7\u00e3o (passaporte ou documento de identidade), ao fim de permitir a elabora\u00e7\u00e3o das fichas de informa\u00e7\u00e3o necess\u00e1rias para Seguran\u00e7a P\u00fablica<\/li>\n<li style=\"text-align: justify;\">O saldo da sua estadia deve ser feito no primeiro dia, quando voc\u00ea chegar. Voc\u00ea poder\u00e0 pagar\u00a0em euro ou cart\u00e3o de credito. Cheques n\u00e3o s\u00e3o aceitos. Qualquer extra e servi\u00e7o pode ser pago no local, geralmente no final da estadia (check-out), exceto diferentes acordos\u00a0com a ger\u00eancia.<\/li>\n<li style=\"text-align: justify;\">Para cancelamentos recebidos entre 10 dias antes da chegada, o cliente ser\u00e1 reembolsado do adiantamento total que foi pago, menos despesas banc\u00e1rias; para cancelamentos recebidos entre 7 dias antes da chegada 100% do dep\u00f3sito ser\u00e1 retido; para cancelamentos recebidos entre tr\u00eas (3) dias antes da chegada ou no mesmo dia ou em caso de falta de chegada no B &amp; B (no-show), ser\u00e1 cobrada o custo de toda a reserva.<\/li>\n<li style=\"text-align: justify;\">Reservamo-nos o direito de cancelar ou modificar reservas onde parece que um cliente est\u00e1 envolvido em actividades ilegais ou fraudulentas, ou em outras circunst\u00e2ncias em que a reserva cont\u00e9m um erro \u00f3bvio.<\/li>\n<li style=\"text-align: justify;\">A recep\u00e7\u00e3o est\u00e1 aberta diariamente das 7:30 \u00e0s 10:00 e das 17:00 \u00e0s 20:00.<\/li>\n<li style=\"text-align: justify;\">Voc\u00ea pode fazer reservas on-line e por telefone das 7:30 \u00e0s 22:00. Das 22:00 \u00e0s 7:30 horas, exceto acordos diferentes com a administra\u00e7\u00e3o, n\u00e3o poder\u00e0 contactar-nos por telefone, todo e-mail enviado ser\u00e1 tratado na manh\u00e3 seguinte.<\/li>\n<li style=\"text-align: justify;\">O imposto de estadia \u00e8 de 2,30 euro por noite por pessoa e j\u00e1 est\u00e1 inclu\u00eddo no pre\u00e7o do quarto.<\/li>\n<li style=\"text-align: justify;\">Quaisquer cr\u00edticas, reclama\u00e7\u00f5es ou sugest\u00f5es s\u00e3o sempre bem-vindas, porque elas permitem-nos a melhorar o nosso servi\u00e7o. No entanto, n\u00e3o ser\u00e1 levado em considera\u00e7\u00e3o quaisquer pedidos de resgate recebidos ap\u00f3s o uso da estadia.<\/li>\n<li style=\"text-align: justify;\">As informa\u00e7\u00f5es fornecidas ser\u00e3o tratadas em conformidade com as obriga\u00e7\u00f5es de confidencialidade impostas pelo Decreto Legislativo 30 de junho de 2003 n. 196 e ser\u00e3o processadas \u200b\u200batrav\u00e9s de instrumentos adequados para garantir a seguran\u00e7a dos dados.<\/li>\n<\/ol>\n<\/div><div ><a class=\"fusion-button button-flat fusion-button-default-size button-custom fusion-button-default button-1 fusion-button-span-yes fusion-button-default-type\" style=\"--button_accent_color:#ffffff;--button_accent_hover_color:#ffffff;--button_border_hover_color:#ffffff;--button_border_width-top:0px;--button_border_width-right:0px;--button_border_width-bottom:0px;--button_border_width-left:0px;--button_gradient_top_color:#444444;--button_gradient_bottom_color:#444444;--button_gradient_top_color_hover:#333333;--button_gradient_bottom_color_hover:#333333;\" target=\"_self\"><span class=\"fusion-button-text awb-button__text awb-button__text--default\"><\/span><\/a><\/div><\/div><\/div><div class=\"fusion-layout-column fusion_builder_column fusion-builder-column-1 fusion_builder_column_1_1 1_1 fusion-flex-column\" style=\"--awb-bg-size:cover;--awb-width-large:100%;--awb-margin-top-large:0px;--awb-spacing-right-large:1.92%;--awb-margin-bottom-large:20px;--awb-spacing-left-large:1.92%;--awb-width-medium:100%;--awb-spacing-right-medium:1.92%;--awb-spacing-left-medium:1.92%;--awb-width-small:100%;--awb-spacing-right-small:1.92%;--awb-spacing-left-small:1.92%;\"><div class=\"fusion-column-wrapper fusion-flex-justify-content-flex-start fusion-content-layout-column\"><i class=\"fb-icon-element-2 fb-icon-element fontawesome-icon fa fa-ban circle-yes fusion-text-flow left\" style=\"--awb-iconcolor:#3e7ccc;--awb-iconcolor-hover:#3e7ccc;--awb-circlecolor:transparent;--awb-circlecolor-hover:transparent;--awb-circlebordercolor:#3e7ccc;--awb-circlebordercolor-hover:#3e7ccc;--awb-circlebordersize:1px;--awb-font-size:35.2px;--awb-width:70.4px;--awb-height:70.4px;--awb-line-height:68.4px;--awb-margin-right:20px;\"><\/i><div class=\"fusion-text fusion-text-2\"><h2>Regulamento interno<\/h2>\n<p style=\"text-align: justify;\">&#8220;Colazione da Augusta&#8221;\u00a0\u00e9 um Bed &amp; Breakfast, de gest\u00e3o familiar. N\u00f3s n\u00e3o somos um hotel e, portanto, oferecemos servi\u00e7os diferentes daqueles oferecidos por um hotel.<\/p>\n<p>Ao fim de garantir a voc\u00ea e a todos os nossos h\u00f3spedes uma estadia agrad\u00e1vel e relaxante, n\u00f3s convidamos voc\u00ea a observar e respeitar o seguinte regulamento. Por favor,\u00a0respeite os outros h\u00f3spedes e o local que\u00a0te recebe.<\/p>\n<ol style=\"text-align: justify;\">\n<li>N\u00e3o \u00e9 permitido fumar no interior da estrutura. Caso contr\u00e1rio,\u00a0teremos que cobrar o custo de limpeza, higieniza\u00e7\u00e3o e qualquer dano a objetos.<\/li>\n<li>S\u00f3 \u00e9 permitido fumar no jardim.<\/li>\n<li>\u00c9 proibido preparar, cozinhar, comer e trazer comida nos quartos.<\/li>\n<li>Lembre-se sempre que voc\u00ea est\u00e1 em uma casa particular; por isso respeite as pessoas que moram e os objetos que ela cont\u00e9m<\/li>\n<li>Voc\u00ea deve sempre informar de qualquer dano, pr\u00e9-existente ou acidentalmente causado. Caso contr\u00e1rio, ser\u00e1 cobrado o valor igual \u00e0 repara\u00e7\u00e3o, substitui\u00e7\u00e3o ou valor do objeto danificado.<\/li>\n<li>N\u00e3o s\u00e3o permitidas pessoas estranhas na estrutura sem motivos.<\/li>\n<li>Por favor, deixe-nos saber \u00a0em princ\u00edpio, o programa do seu dia, para que possamos organizar o nosso.<\/li>\n<li>A entrada para a cozinha, como est\u00e0 escrito na legisla\u00e7\u00e3o, \u00e9 permitida somente ao pessoal do b&amp;b.<\/li>\n<li>A sala de relaxamento \u00e9 compartilhada com outros h\u00f3spedes, por favor, deixe-a t\u00e3o limpa como a encontrou.<\/li>\n<li>O check-in\/out antecipado ou tardio \u00e9 sempre sujeito a disponibilidade e deve necessariamente ser solicitado no momento da reserva. Caso contr\u00e1rio, o servi\u00e7o n\u00e3o pode ser garantido.<\/li>\n<li>A recep\u00e7\u00e3o encerra \u00e0s 20:00 e reabre na manh\u00e3 seguinte \u00e0s 7:30. Se voc\u00ea pretende sair antes da reabertura, por favor, fa\u00e7a o check-out na noite anterior.<\/li>\n<li>O pequeno-almo\u00e7o \u00e9 servido 08:00 &#8211; 09:30.<\/li>\n<li>Voc\u00ea tamb\u00e9m pode pedir o caf\u00e9 da manh\u00e3 cedo (antes 8:00), mas ter\u00e0 que reservar-lo um dia antes.<\/li>\n<li style=\"text-align: justify;\">Todos os servi\u00e7os oferecidos por &#8220;Colazione da Augusta&#8221; s\u00e3o\u00a0destinados somente a seus clientes.<br \/>\nEm caso de necessidade ou problema durante a sua estadia, por favor contacte-nos. Faremos o nosso melhor para atende-lo e ajud\u00e1-lo.<\/li>\n<\/ol>\n<\/div><\/div><\/div><\/div><\/div>\n","protected":false},"excerpt":{"rendered":"","protected":false},"author":1,"featured_media":0,"parent":0,"menu_order":0,"comment_status":"closed","ping_status":"closed","template":"","meta":{"footnotes":""},"class_list":["post-2707","page","type-page","status-publish","hentry"],"yoast_head":"<!-- This site is optimized with the Yoast SEO plugin v26.3 - https:\/\/yoast.com\/wordpress\/plugins\/seo\/ -->\n<title>Termos e condi\u00e7\u00f5es - Colazione da Augusta - Bed &amp; Breakfast<\/title>\n<meta name=\"description\" content=\"Termos e Condi\u00e7\u00f5es: em caso de necessidade, entre em contato conosco. Faremos o nosso melhor para ajud\u00e1-lo\" \/>\n<meta name=\"robots\" content=\"index, follow, max-snippet:-1, max-image-preview:large, max-video-preview:-1\" \/>\n<link rel=\"canonical\" href=\"https:\/\/www.colazionedaaugusta.it\/pt-br\/termos-e-condicoes\/\" \/>\n<meta property=\"og:locale\" content=\"pt_BR\" \/>\n<meta property=\"og:type\" content=\"article\" \/>\n<meta property=\"og:title\" content=\"Termos e condi\u00e7\u00f5es - Colazione da Augusta - Bed &amp; Breakfast\" \/>\n<meta property=\"og:description\" content=\"Termos e Condi\u00e7\u00f5es: em caso de necessidade, entre em contato conosco. Faremos o nosso melhor para ajud\u00e1-lo\" \/>\n<meta property=\"og:url\" content=\"https:\/\/www.colazionedaaugusta.it\/pt-br\/termos-e-condicoes\/\" \/>\n<meta property=\"og:site_name\" content=\"Colazione da Augusta - Bed &amp; Breakfast\" \/>\n<meta property=\"article:publisher\" content=\"http:\/\/www.facebook.com\/colazionedaaugusta\" \/>\n<meta property=\"article:modified_time\" content=\"2025-10-20T07:18:41+00:00\" \/>\n<meta name=\"twitter:card\" content=\"summary_large_image\" \/>\n<meta name=\"twitter:label1\" content=\"Est. tempo de leitura\" \/>\n\t<meta name=\"twitter:data1\" content=\"5 minutos\" \/>\n<script type=\"application\/ld+json\" class=\"yoast-schema-graph\">{\"@context\":\"https:\/\/schema.org\",\"@graph\":[{\"@type\":\"WebPage\",\"@id\":\"https:\/\/www.colazionedaaugusta.it\/pt-br\/termos-e-condicoes\/\",\"url\":\"https:\/\/www.colazionedaaugusta.it\/pt-br\/termos-e-condicoes\/\",\"name\":\"Termos e condi\u00e7\u00f5es - Colazione da Augusta - Bed &amp; Breakfast\",\"isPartOf\":{\"@id\":\"https:\/\/www.colazionedaaugusta.it\/#website\"},\"datePublished\":\"2016-04-02T07:52:01+00:00\",\"dateModified\":\"2025-10-20T07:18:41+00:00\",\"description\":\"Termos e Condi\u00e7\u00f5es: em caso de necessidade, entre em contato conosco. Faremos o nosso melhor para ajud\u00e1-lo\",\"breadcrumb\":{\"@id\":\"https:\/\/www.colazionedaaugusta.it\/pt-br\/termos-e-condicoes\/#breadcrumb\"},\"inLanguage\":\"pt-BR\",\"potentialAction\":[{\"@type\":\"ReadAction\",\"target\":[\"https:\/\/www.colazionedaaugusta.it\/pt-br\/termos-e-condicoes\/\"]}]},{\"@type\":\"BreadcrumbList\",\"@id\":\"https:\/\/www.colazionedaaugusta.it\/pt-br\/termos-e-condicoes\/#breadcrumb\",\"itemListElement\":[{\"@type\":\"ListItem\",\"position\":1,\"name\":\"Home\",\"item\":\"https:\/\/www.colazionedaaugusta.it\/pt-br\/\"},{\"@type\":\"ListItem\",\"position\":2,\"name\":\"Termos e condi\u00e7\u00f5es\"}]},{\"@type\":\"WebSite\",\"@id\":\"https:\/\/www.colazionedaaugusta.it\/#website\",\"url\":\"https:\/\/www.colazionedaaugusta.it\/\",\"name\":\"Colazione da Augusta - Bed &amp; Breakfast\",\"description\":\"L&#039;amore per l&#039;ospitalit\u00e0 e la buona cucina\",\"publisher\":{\"@id\":\"https:\/\/www.colazionedaaugusta.it\/#organization\"},\"potentialAction\":[{\"@type\":\"SearchAction\",\"target\":{\"@type\":\"EntryPoint\",\"urlTemplate\":\"https:\/\/www.colazionedaaugusta.it\/?s={search_term_string}\"},\"query-input\":{\"@type\":\"PropertyValueSpecification\",\"valueRequired\":true,\"valueName\":\"search_term_string\"}}],\"inLanguage\":\"pt-BR\"},{\"@type\":\"Organization\",\"@id\":\"https:\/\/www.colazionedaaugusta.it\/#organization\",\"name\":\"Colazione da Augusta\",\"url\":\"https:\/\/www.colazionedaaugusta.it\/\",\"logo\":{\"@type\":\"ImageObject\",\"inLanguage\":\"pt-BR\",\"@id\":\"https:\/\/www.colazionedaaugusta.it\/#\/schema\/logo\/image\/\",\"url\":\"https:\/\/www.colazionedaaugusta.it\/wp-content\/uploads\/2017\/01\/colazione-da-augusta_redim.png\",\"contentUrl\":\"https:\/\/www.colazionedaaugusta.it\/wp-content\/uploads\/2017\/01\/colazione-da-augusta_redim.png\",\"width\":185,\"height\":183,\"caption\":\"Colazione da Augusta\"},\"image\":{\"@id\":\"https:\/\/www.colazionedaaugusta.it\/#\/schema\/logo\/image\/\"},\"sameAs\":[\"http:\/\/www.facebook.com\/colazionedaaugusta\",\"https:\/\/www.instagram.com\/colazionedaaugusta\/\",\"https:\/\/it.pinterest.com\/linuxiana\/\"]}]}<\/script>\n<!-- \/ Yoast SEO plugin. -->","yoast_head_json":{"title":"Termos e condi\u00e7\u00f5es - Colazione da Augusta - Bed &amp; Breakfast","description":"Termos e Condi\u00e7\u00f5es: em caso de necessidade, entre em contato conosco. Faremos o nosso melhor para ajud\u00e1-lo","robots":{"index":"index","follow":"follow","max-snippet":"max-snippet:-1","max-image-preview":"max-image-preview:large","max-video-preview":"max-video-preview:-1"},"canonical":"https:\/\/www.colazionedaaugusta.it\/pt-br\/termos-e-condicoes\/","og_locale":"pt_BR","og_type":"article","og_title":"Termos e condi\u00e7\u00f5es - Colazione da Augusta - Bed &amp; Breakfast","og_description":"Termos e Condi\u00e7\u00f5es: em caso de necessidade, entre em contato conosco. Faremos o nosso melhor para ajud\u00e1-lo","og_url":"https:\/\/www.colazionedaaugusta.it\/pt-br\/termos-e-condicoes\/","og_site_name":"Colazione da Augusta - Bed &amp; Breakfast","article_publisher":"http:\/\/www.facebook.com\/colazionedaaugusta","article_modified_time":"2025-10-20T07:18:41+00:00","twitter_card":"summary_large_image","twitter_misc":{"Est. tempo de leitura":"5 minutos"},"schema":{"@context":"https:\/\/schema.org","@graph":[{"@type":"WebPage","@id":"https:\/\/www.colazionedaaugusta.it\/pt-br\/termos-e-condicoes\/","url":"https:\/\/www.colazionedaaugusta.it\/pt-br\/termos-e-condicoes\/","name":"Termos e condi\u00e7\u00f5es - Colazione da Augusta - Bed &amp; Breakfast","isPartOf":{"@id":"https:\/\/www.colazionedaaugusta.it\/#website"},"datePublished":"2016-04-02T07:52:01+00:00","dateModified":"2025-10-20T07:18:41+00:00","description":"Termos e Condi\u00e7\u00f5es: em caso de necessidade, entre em contato conosco. Faremos o nosso melhor para ajud\u00e1-lo","breadcrumb":{"@id":"https:\/\/www.colazionedaaugusta.it\/pt-br\/termos-e-condicoes\/#breadcrumb"},"inLanguage":"pt-BR","potentialAction":[{"@type":"ReadAction","target":["https:\/\/www.colazionedaaugusta.it\/pt-br\/termos-e-condicoes\/"]}]},{"@type":"BreadcrumbList","@id":"https:\/\/www.colazionedaaugusta.it\/pt-br\/termos-e-condicoes\/#breadcrumb","itemListElement":[{"@type":"ListItem","position":1,"name":"Home","item":"https:\/\/www.colazionedaaugusta.it\/pt-br\/"},{"@type":"ListItem","position":2,"name":"Termos e condi\u00e7\u00f5es"}]},{"@type":"WebSite","@id":"https:\/\/www.colazionedaaugusta.it\/#website","url":"https:\/\/www.colazionedaaugusta.it\/","name":"Colazione da Augusta - Bed &amp; Breakfast","description":"L&#039;amore per l&#039;ospitalit\u00e0 e la buona cucina","publisher":{"@id":"https:\/\/www.colazionedaaugusta.it\/#organization"},"potentialAction":[{"@type":"SearchAction","target":{"@type":"EntryPoint","urlTemplate":"https:\/\/www.colazionedaaugusta.it\/?s={search_term_string}"},"query-input":{"@type":"PropertyValueSpecification","valueRequired":true,"valueName":"search_term_string"}}],"inLanguage":"pt-BR"},{"@type":"Organization","@id":"https:\/\/www.colazionedaaugusta.it\/#organization","name":"Colazione da Augusta","url":"https:\/\/www.colazionedaaugusta.it\/","logo":{"@type":"ImageObject","inLanguage":"pt-BR","@id":"https:\/\/www.colazionedaaugusta.it\/#\/schema\/logo\/image\/","url":"https:\/\/www.colazionedaaugusta.it\/wp-content\/uploads\/2017\/01\/colazione-da-augusta_redim.png","contentUrl":"https:\/\/www.colazionedaaugusta.it\/wp-content\/uploads\/2017\/01\/colazione-da-augusta_redim.png","width":185,"height":183,"caption":"Colazione da Augusta"},"image":{"@id":"https:\/\/www.colazionedaaugusta.it\/#\/schema\/logo\/image\/"},"sameAs":["http:\/\/www.facebook.com\/colazionedaaugusta","https:\/\/www.instagram.com\/colazionedaaugusta\/","https:\/\/it.pinterest.com\/linuxiana\/"]}]}},"_links":{"self":[{"href":"https:\/\/www.colazionedaaugusta.it\/pt-br\/wp-json\/wp\/v2\/pages\/2707","targetHints":{"allow":["GET"]}}],"collection":[{"href":"https:\/\/www.colazionedaaugusta.it\/pt-br\/wp-json\/wp\/v2\/pages"}],"about":[{"href":"https:\/\/www.colazionedaaugusta.it\/pt-br\/wp-json\/wp\/v2\/types\/page"}],"author":[{"embeddable":true,"href":"https:\/\/www.colazionedaaugusta.it\/pt-br\/wp-json\/wp\/v2\/users\/1"}],"replies":[{"embeddable":true,"href":"https:\/\/www.colazionedaaugusta.it\/pt-br\/wp-json\/wp\/v2\/comments?post=2707"}],"version-history":[{"count":1,"href":"https:\/\/www.colazionedaaugusta.it\/pt-br\/wp-json\/wp\/v2\/pages\/2707\/revisions"}],"predecessor-version":[{"id":19597,"href":"https:\/\/www.colazionedaaugusta.it\/pt-br\/wp-json\/wp\/v2\/pages\/2707\/revisions\/19597"}],"wp:attachment":[{"href":"https:\/\/www.colazionedaaugusta.it\/pt-br\/wp-json\/wp\/v2\/media?parent=2707"}],"curies":[{"name":"wp","href":"https:\/\/api.w.org\/{rel}","templated":true}]}}