{"id":2632,"date":"2016-05-30T09:53:04","date_gmt":"2016-05-30T09:53:04","guid":{"rendered":"https:\/\/www.colazionedaaugusta.it\/pt-br\/?page_id=2632"},"modified":"2025-04-03T18:57:38","modified_gmt":"2025-04-03T16:57:38","slug":"cafe-da-manha","status":"publish","type":"page","link":"https:\/\/www.colazionedaaugusta.it\/pt-br\/cafe-da-manha\/","title":{"rendered":"caf\u00e9 da manh\u00e3"},"content":{"rendered":"<div class=\"fusion-fullwidth fullwidth-box fusion-builder-row-1 fusion-flex-container fusion-parallax-fixed nonhundred-percent-fullwidth non-hundred-percent-height-scrolling lazyload\" style=\"--awb-background-position:center bottom;--awb-border-sizes-top:0px;--awb-border-sizes-bottom:0px;--awb-border-sizes-left:0px;--awb-border-sizes-right:0px;--awb-border-radius-top-left:0px;--awb-border-radius-top-right:0px;--awb-border-radius-bottom-right:0px;--awb-border-radius-bottom-left:0px;--awb-padding-top:0px;--awb-padding-bottom:90px;--awb-background-color:#f4f6f8;--awb-background-size:cover;--awb-flex-wrap:wrap;background-attachment:fixed;\" data-bg=\"https:\/\/www.colazionedaaugusta.it\/wp-content\/uploads\/2015\/02\/restaurants_dining_bg.jpg\" ><div class=\"fusion-builder-row fusion-row fusion-flex-align-items-flex-start fusion-flex-content-wrap\" style=\"max-width:1216.8px;margin-left: calc(-4% \/ 2 );margin-right: calc(-4% \/ 2 );\"><div class=\"fusion-layout-column fusion_builder_column fusion-builder-column-0 fusion_builder_column_1_1 1_1 fusion-flex-column fusion-flex-align-self-flex-start fusion-column-no-min-height\" style=\"--awb-bg-size:cover;--awb-width-large:100%;--awb-margin-top-large:0px;--awb-spacing-right-large:1.92%;--awb-margin-bottom-large:0px;--awb-spacing-left-large:1.92%;--awb-width-medium:100%;--awb-spacing-right-medium:1.92%;--awb-spacing-left-medium:1.92%;--awb-width-small:100%;--awb-spacing-right-small:1.92%;--awb-spacing-left-small:1.92%;\"><div class=\"fusion-column-wrapper fusion-flex-justify-content-flex-start fusion-content-layout-column\"><div class=\"fusion-image-element \" style=\"text-align:center;--awb-caption-title-font-family:var(--h2_typography-font-family);--awb-caption-title-font-weight:var(--h2_typography-font-weight);--awb-caption-title-font-style:var(--h2_typography-font-style);--awb-caption-title-size:var(--h2_typography-font-size);--awb-caption-title-transform:var(--h2_typography-text-transform);--awb-caption-title-line-height:var(--h2_typography-line-height);--awb-caption-title-letter-spacing:var(--h2_typography-letter-spacing);\"><span class=\" fusion-imageframe imageframe-none imageframe-1 hover-type-none\"><img decoding=\"async\" width=\"370\" height=\"82\" title=\"flowers_top\" src=\"data:image\/svg+xml,%3Csvg%20xmlns%3D%27http%3A%2F%2Fwww.w3.org%2F2000%2Fsvg%27%20width%3D%27370%27%20height%3D%2782%27%20viewBox%3D%270%200%20370%2082%27%3E%3Crect%20width%3D%27370%27%20height%3D%2782%27%20fill-opacity%3D%220%22%2F%3E%3C%2Fsvg%3E\" data-orig-src=\"https:\/\/www.colazionedaaugusta.it\/wp-content\/uploads\/2015\/01\/flowers_top.png\" alt class=\"lazyload img-responsive wp-image-2817\"\/><\/span><\/div><div class=\"fusion-text fusion-text-1\"><p style=\"letter-spacing: 4px; font-size: 13px; text-align: center; margin-bottom: 0px;\"><em>REFEI\u00c7\u00d5ES SADIAS E SABOROSAS<\/em><\/p>\n<h1 style=\"text-align: center;\">Escolha a sua preferida<\/h1>\n<\/div><div class=\"fusion-separator fusion-full-width-sep\" style=\"align-self: center;margin-left: auto;margin-right: auto;margin-top:25px;width:100%;\"><\/div><div class=\"fusion-text fusion-text-2\"><p style=\"text-align: justify;\">O caf\u00e9 da manh\u00e3 ser\u00e1 servido entre\u00a0 8:00\u00a0 e \u00a009:30 \u00a0na sala dedicada no interior do B &amp; B &#8220;Colazione da Augusta.&#8221; No ver\u00e3o, o gazebo do nosso jardim privado te espera para um despertar mergulhando no verde.<\/p>\n<p style=\"text-align: justify;\">N\u00f3s usamos apenas produtos sazonais, para oferecer alimentos frescos da nossa terra. Descubra e escolha\u00a0o seu favorito do menu a partir das tr\u00eas propostas. Avise-nos no momento da reserva, assim, poderemos te mimar da melhor forma.<\/p>\n<p style=\"text-align: justify;\">Falando de bebidas\u00a0, voc\u00ea pode escolher um caf\u00e9 expresso ou cappuccino , chocolate, infus\u00f5es , ch\u00e1s e sucos.<\/p>\n<p style=\"text-align: justify;\">Mas o destaque s\u00e3o as sobremesas criadas e produzidas por Enrico, como a torta com geleia de laranja, torta de ma\u00e7\u00e3 e canela e os nossos bolos especiais. Uma viagem atrav\u00e9s dos sabores, que come\u00e7a no in\u00edcio da manh\u00e3.<\/p>\n<\/div><div class=\"fusion-separator\" style=\"align-self: center;margin-left: auto;margin-right: auto;margin-top:15px;margin-bottom:50px;width:100%;max-width:50px;\"><div class=\"fusion-separator-border sep-single sep-solid\" style=\"--awb-height:20px;--awb-amount:20px;--awb-sep-color:#cbaa5c;border-color:#cbaa5c;border-top-width:1px;\"><\/div><\/div><\/div><\/div><div class=\"fusion-layout-column fusion_builder_column fusion-builder-column-1 fusion_builder_column_1_3 1_3 fusion-flex-column\" style=\"--awb-padding-top:20px;--awb-padding-right:20px;--awb-padding-bottom:20px;--awb-padding-left:20px;--awb-bg-position:center top;--awb-bg-size:cover;--awb-width-large:33.333333333333%;--awb-margin-top-large:0px;--awb-spacing-right-large:5.76%;--awb-margin-bottom-large:20px;--awb-spacing-left-large:5.76%;--awb-width-medium:100%;--awb-spacing-right-medium:1.92%;--awb-spacing-left-medium:1.92%;--awb-width-small:100%;--awb-spacing-right-small:1.92%;--awb-spacing-left-small:1.92%;\"><div class=\"fusion-column-wrapper lazyload fusion-flex-justify-content-flex-start fusion-content-layout-column fusion-column-has-bg-image\" data-bg-url=\"https:\/\/www.colazionedaaugusta.it\/wp-content\/uploads\/2016\/03\/colazione-continentale.jpg\" data-bg=\"https:\/\/www.colazionedaaugusta.it\/wp-content\/uploads\/2016\/03\/colazione-continentale.jpg\"><div class=\"fusion-separator fusion-full-width-sep\" style=\"align-self: center;margin-left: auto;margin-right: auto;margin-top:220px;width:100%;\"><\/div><div class=\"fusion-content-boxes content-boxes columns row fusion-columns-1 fusion-columns-total-1 fusion-content-boxes-1 content-boxes-icon-on-top content-left\" style=\"--awb-hover-accent-color:#cbaa5c;--awb-circle-hover-accent-color:#cbaa5c;--awb-item-margin-bottom:40px;\" data-animationOffset=\"top-into-view\"><div style=\"--awb-backgroundcolor:#ffffff;\" class=\"fusion-column content-box-column content-box-column content-box-column-1 col-lg-12 col-md-12 col-sm-12 fusion-content-box-hover content-box-column-last content-box-column-last-in-row\"><div class=\"col content-box-wrapper content-wrapper-background link-area-link-icon icon-hover-animation-pulsate\" data-animationOffset=\"top-into-view\"><div class=\"fusion-clearfix\"><\/div><div class=\"content-container\">\n<h2 style=\"text-align: center;\">Caf\u00e9 da manh\u00e3 continental<\/h2>\n<div class=\"fusion-separator\" style=\"align-self: center;margin-left: auto;margin-right: auto;margin-top:20px;margin-bottom:20px;width:100%;max-width:50px;\"><div class=\"fusion-separator-border sep-single sep-solid\" style=\"--awb-height:20px;--awb-amount:20px;--awb-sep-color:#cbaa5c;border-color:#cbaa5c;border-top-width:1px;\"><\/div><\/div>\n<p style=\"text-align: center; padding: 0 25px;\">Por exemplo, excelentes doces caseiros, mel, manteiga, <span lang=\"pt\" tabindex=\"0\">gel\u00e9ia caseira de frutas<\/span>, tostas e biscoitos<\/p>\n<p style=\"text-align: center;\"><div class=\"fusion-separator fusion-full-width-sep\" style=\"align-self: center;margin-left: auto;margin-right: auto;margin-top:10px;width:100%;\"><\/div>\n<\/div><\/div><\/div><div class=\"fusion-clearfix\"><\/div><\/div><div class=\"fusion-separator fusion-full-width-sep\" style=\"align-self: center;margin-left: auto;margin-right: auto;margin-top:-82px;width:100%;\"><\/div><\/div><\/div><div class=\"fusion-layout-column fusion_builder_column fusion-builder-column-2 fusion_builder_column_1_3 1_3 fusion-flex-column\" style=\"--awb-padding-top:20px;--awb-padding-right:20px;--awb-padding-bottom:20px;--awb-padding-left:20px;--awb-bg-position:center top;--awb-bg-size:cover;--awb-width-large:33.333333333333%;--awb-margin-top-large:0px;--awb-spacing-right-large:5.76%;--awb-margin-bottom-large:20px;--awb-spacing-left-large:5.76%;--awb-width-medium:100%;--awb-spacing-right-medium:1.92%;--awb-spacing-left-medium:1.92%;--awb-width-small:100%;--awb-spacing-right-small:1.92%;--awb-spacing-left-small:1.92%;\"><div class=\"fusion-column-wrapper lazyload fusion-flex-justify-content-flex-start fusion-content-layout-column fusion-column-has-bg-image\" data-bg-url=\"https:\/\/www.colazionedaaugusta.it\/wp-content\/uploads\/2015\/02\/EnglishBreakfast.jpg\" data-bg=\"https:\/\/www.colazionedaaugusta.it\/wp-content\/uploads\/2015\/02\/EnglishBreakfast.jpg\"><div class=\"fusion-separator fusion-full-width-sep\" style=\"align-self: center;margin-left: auto;margin-right: auto;margin-top:220px;width:100%;\"><\/div><div class=\"fusion-content-boxes content-boxes columns row fusion-columns-1 fusion-columns-total-1 fusion-content-boxes-2 content-boxes-icon-on-top content-left\" style=\"--awb-hover-accent-color:#cbaa5c;--awb-circle-hover-accent-color:#cbaa5c;--awb-item-margin-bottom:40px;\" data-animationOffset=\"top-into-view\"><div style=\"--awb-backgroundcolor:#ffffff;\" class=\"fusion-column content-box-column content-box-column content-box-column-1 col-lg-12 col-md-12 col-sm-12 fusion-content-box-hover content-box-column-last content-box-column-last-in-row\"><div class=\"col content-box-wrapper content-wrapper-background link-area-link-icon icon-hover-animation-pulsate\" data-animationOffset=\"top-into-view\"><div class=\"fusion-clearfix\"><\/div><div class=\"content-container\">\n<h2 style=\"text-align: center;\">Caf\u00e9 da manh\u00e3 \u00e0 inglesa<\/h2>\n<div class=\"fusion-separator\" style=\"align-self: center;margin-left: auto;margin-right: auto;margin-top:20px;margin-bottom:20px;width:100%;max-width:50px;\"><div class=\"fusion-separator-border sep-single sep-solid\" style=\"--awb-height:20px;--awb-amount:20px;--awb-sep-color:#cbaa5c;border-color:#cbaa5c;border-top-width:1px;\"><\/div><\/div>\n<p id=\"tw-target-text\" class=\"tw-data-text vk_txt tw-ta tw-text-small\" dir=\"ltr\" style=\"text-align: center;\" data-placeholder=\"Traduzione\"><span lang=\"pt\">Como omeletes \/ tortas salgadas e outras prepara\u00e7\u00f5es salgadas, p\u00e3o torrado &#8211; p\u00e3o caseiro e a tipica focaccia italiana<\/span><\/p>\n<p style=\"text-align: center;\"><div class=\"fusion-separator fusion-full-width-sep\" style=\"align-self: center;margin-left: auto;margin-right: auto;margin-top:10px;width:100%;\"><\/div>\n<\/div><\/div><\/div><div class=\"fusion-clearfix\"><\/div><\/div><div class=\"fusion-separator fusion-full-width-sep\" style=\"align-self: center;margin-left: auto;margin-right: auto;margin-top:-82px;width:100%;\"><\/div><\/div><\/div><div class=\"fusion-layout-column fusion_builder_column fusion-builder-column-3 fusion_builder_column_1_3 1_3 fusion-flex-column\" style=\"--awb-padding-top:20px;--awb-padding-right:20px;--awb-padding-bottom:20px;--awb-padding-left:20px;--awb-bg-position:center top;--awb-bg-size:cover;--awb-width-large:33.333333333333%;--awb-margin-top-large:0px;--awb-spacing-right-large:5.76%;--awb-margin-bottom-large:20px;--awb-spacing-left-large:5.76%;--awb-width-medium:100%;--awb-spacing-right-medium:1.92%;--awb-spacing-left-medium:1.92%;--awb-width-small:100%;--awb-spacing-right-small:1.92%;--awb-spacing-left-small:1.92%;\"><div class=\"fusion-column-wrapper lazyload fusion-flex-justify-content-flex-start fusion-content-layout-column fusion-column-has-bg-image\" data-bg-url=\"https:\/\/www.colazionedaaugusta.it\/wp-content\/uploads\/2015\/02\/colazione-mix.jpg\" data-bg=\"https:\/\/www.colazionedaaugusta.it\/wp-content\/uploads\/2015\/02\/colazione-mix.jpg\"><div class=\"fusion-separator fusion-full-width-sep\" style=\"align-self: center;margin-left: auto;margin-right: auto;margin-top:220px;width:100%;\"><\/div><div class=\"fusion-content-boxes content-boxes columns row fusion-columns-1 fusion-columns-total-1 fusion-content-boxes-3 content-boxes-icon-on-top content-left\" style=\"--awb-hover-accent-color:#cbaa5c;--awb-circle-hover-accent-color:#cbaa5c;--awb-item-margin-bottom:40px;\" data-animationOffset=\"top-into-view\"><div style=\"--awb-backgroundcolor:#ffffff;\" class=\"fusion-column content-box-column content-box-column content-box-column-1 col-lg-12 col-md-12 col-sm-12 fusion-content-box-hover content-box-column-last content-box-column-last-in-row\"><div class=\"col content-box-wrapper content-wrapper-background link-area-link-icon icon-hover-animation-pulsate\" data-animationOffset=\"top-into-view\"><div class=\"fusion-clearfix\"><\/div><div class=\"content-container\">\n<h2 style=\"text-align: center;\">Caf\u00e9 da manh\u00e3 do bem-estar<\/h2>\n<div class=\"fusion-separator\" style=\"align-self: center;margin-left: auto;margin-right: auto;margin-top:20px;margin-bottom:20px;width:100%;max-width:50px;\"><div class=\"fusion-separator-border sep-single sep-solid\" style=\"--awb-height:20px;--awb-amount:20px;--awb-sep-color:#cbaa5c;border-color:#cbaa5c;border-top-width:1px;\"><\/div><\/div>\n<p id=\"tw-target-text\" class=\"tw-data-text tw-ta tw-text-small\" dir=\"ltr\" data-placeholder=\"Traduzione\"><span lang=\"pt\" tabindex=\"0\">Biscoitos integrais, gel\u00e9ia caseira, salada de frutas , cereais, muesli, iogurte e suco de frutas \/ centrifugados.<\/span><\/p>\n<p style=\"text-align: center; padding: 0 25px;\">.<div class=\"fusion-separator fusion-full-width-sep\" style=\"align-self: center;margin-left: auto;margin-right: auto;margin-top:10px;width:100%;\"><\/div>\n<\/div><\/div><\/div><div class=\"fusion-clearfix\"><\/div><\/div><div class=\"fusion-separator fusion-full-width-sep\" style=\"align-self: center;margin-left: auto;margin-right: auto;margin-top:-82px;width:100%;\"><\/div><\/div><\/div><div class=\"fusion-layout-column fusion_builder_column fusion-builder-column-4 fusion_builder_column_1_1 1_1 fusion-flex-column fusion-flex-align-self-flex-start fusion-column-no-min-height\" style=\"--awb-bg-size:cover;--awb-width-large:100%;--awb-margin-top-large:0px;--awb-spacing-right-large:1.92%;--awb-margin-bottom-large:0px;--awb-spacing-left-large:1.92%;--awb-width-medium:100%;--awb-spacing-right-medium:1.92%;--awb-spacing-left-medium:1.92%;--awb-width-small:100%;--awb-spacing-right-small:1.92%;--awb-spacing-left-small:1.92%;\"><div class=\"fusion-column-wrapper fusion-flex-justify-content-flex-start fusion-content-layout-column\"><div class=\"fusion-text fusion-text-3\"><p style=\"text-align: justify;\"><strong>Os h\u00f3spedes que necessitam de observar dietas especiais devido a problemas alimentares , intoler\u00e2ncias ou alergias , podem consumir um caf\u00e9 da manh\u00e3 saud\u00e1vel e compat\u00edvel com suas necessidades. \u00c9 s\u00f3 nos avisar durante o processo de reserva , e\u00a0preparamos um menu sem gl\u00faten para voc\u00ea .<\/strong><\/p>\n<\/div><\/div><\/div><\/div><\/div>\n","protected":false},"excerpt":{"rendered":"","protected":false},"author":1,"featured_media":0,"parent":0,"menu_order":0,"comment_status":"open","ping_status":"closed","template":"100-width.php","meta":{"footnotes":""},"class_list":["post-2632","page","type-page","status-publish","hentry"],"yoast_head":"<!-- This site is optimized with the Yoast SEO plugin v26.3 - https:\/\/yoast.com\/wordpress\/plugins\/seo\/ -->\n<title>caf\u00e9 da manh\u00e3 - Colazione da Augusta - Bed &amp; Breakfast<\/title>\n<meta name=\"description\" content=\"No b&amp;b Colazione da Augusta REFEI\u00c7\u00d5ES SADIAS E SABOROSAS Escolha a sua preferida, temos 3 menus\" \/>\n<meta name=\"robots\" content=\"index, follow, max-snippet:-1, max-image-preview:large, max-video-preview:-1\" \/>\n<link rel=\"canonical\" href=\"https:\/\/www.colazionedaaugusta.it\/pt-br\/cafe-da-manha\/\" \/>\n<meta property=\"og:locale\" content=\"pt_BR\" \/>\n<meta property=\"og:type\" content=\"article\" \/>\n<meta property=\"og:title\" content=\"caf\u00e9 da manh\u00e3 - Colazione da Augusta - Bed &amp; Breakfast\" \/>\n<meta property=\"og:description\" content=\"No b&amp;b Colazione da Augusta REFEI\u00c7\u00d5ES SADIAS E SABOROSAS Escolha a sua preferida, temos 3 menus\" \/>\n<meta property=\"og:url\" content=\"https:\/\/www.colazionedaaugusta.it\/pt-br\/cafe-da-manha\/\" \/>\n<meta property=\"og:site_name\" content=\"Colazione da Augusta - Bed &amp; Breakfast\" \/>\n<meta property=\"article:publisher\" content=\"http:\/\/www.facebook.com\/colazionedaaugusta\" \/>\n<meta property=\"article:modified_time\" content=\"2025-04-03T16:57:38+00:00\" \/>\n<meta property=\"og:image\" content=\"https:\/\/www.colazionedaaugusta.it\/wp-content\/uploads\/2015\/01\/flowers_top.png\" \/>\n<meta name=\"twitter:card\" content=\"summary_large_image\" \/>\n<meta name=\"twitter:label1\" content=\"Est. tempo de leitura\" \/>\n\t<meta name=\"twitter:data1\" content=\"2 minutos\" \/>\n<script type=\"application\/ld+json\" class=\"yoast-schema-graph\">{\"@context\":\"https:\/\/schema.org\",\"@graph\":[{\"@type\":\"WebPage\",\"@id\":\"https:\/\/www.colazionedaaugusta.it\/pt-br\/cafe-da-manha\/\",\"url\":\"https:\/\/www.colazionedaaugusta.it\/pt-br\/cafe-da-manha\/\",\"name\":\"caf\u00e9 da manh\u00e3 - Colazione da Augusta - Bed &amp; Breakfast\",\"isPartOf\":{\"@id\":\"https:\/\/www.colazionedaaugusta.it\/#website\"},\"primaryImageOfPage\":{\"@id\":\"https:\/\/www.colazionedaaugusta.it\/pt-br\/cafe-da-manha\/#primaryimage\"},\"image\":{\"@id\":\"https:\/\/www.colazionedaaugusta.it\/pt-br\/cafe-da-manha\/#primaryimage\"},\"thumbnailUrl\":\"https:\/\/www.colazionedaaugusta.it\/wp-content\/uploads\/2015\/01\/flowers_top.png\",\"datePublished\":\"2016-05-30T09:53:04+00:00\",\"dateModified\":\"2025-04-03T16:57:38+00:00\",\"description\":\"No b&b Colazione da Augusta REFEI\u00c7\u00d5ES SADIAS E SABOROSAS Escolha a sua preferida, temos 3 menus\",\"breadcrumb\":{\"@id\":\"https:\/\/www.colazionedaaugusta.it\/pt-br\/cafe-da-manha\/#breadcrumb\"},\"inLanguage\":\"pt-BR\",\"potentialAction\":[{\"@type\":\"ReadAction\",\"target\":[\"https:\/\/www.colazionedaaugusta.it\/pt-br\/cafe-da-manha\/\"]}]},{\"@type\":\"ImageObject\",\"inLanguage\":\"pt-BR\",\"@id\":\"https:\/\/www.colazionedaaugusta.it\/pt-br\/cafe-da-manha\/#primaryimage\",\"url\":\"https:\/\/www.colazionedaaugusta.it\/wp-content\/uploads\/2015\/01\/flowers_top.png\",\"contentUrl\":\"https:\/\/www.colazionedaaugusta.it\/wp-content\/uploads\/2015\/01\/flowers_top.png\"},{\"@type\":\"BreadcrumbList\",\"@id\":\"https:\/\/www.colazionedaaugusta.it\/pt-br\/cafe-da-manha\/#breadcrumb\",\"itemListElement\":[{\"@type\":\"ListItem\",\"position\":1,\"name\":\"Home\",\"item\":\"https:\/\/www.colazionedaaugusta.it\/pt-br\/\"},{\"@type\":\"ListItem\",\"position\":2,\"name\":\"caf\u00e9 da manh\u00e3\"}]},{\"@type\":\"WebSite\",\"@id\":\"https:\/\/www.colazionedaaugusta.it\/#website\",\"url\":\"https:\/\/www.colazionedaaugusta.it\/\",\"name\":\"Colazione da Augusta - Bed &amp; Breakfast\",\"description\":\"L&#039;amore per l&#039;ospitalit\u00e0 e la buona cucina\",\"publisher\":{\"@id\":\"https:\/\/www.colazionedaaugusta.it\/#organization\"},\"potentialAction\":[{\"@type\":\"SearchAction\",\"target\":{\"@type\":\"EntryPoint\",\"urlTemplate\":\"https:\/\/www.colazionedaaugusta.it\/?s={search_term_string}\"},\"query-input\":{\"@type\":\"PropertyValueSpecification\",\"valueRequired\":true,\"valueName\":\"search_term_string\"}}],\"inLanguage\":\"pt-BR\"},{\"@type\":\"Organization\",\"@id\":\"https:\/\/www.colazionedaaugusta.it\/#organization\",\"name\":\"Colazione da Augusta\",\"url\":\"https:\/\/www.colazionedaaugusta.it\/\",\"logo\":{\"@type\":\"ImageObject\",\"inLanguage\":\"pt-BR\",\"@id\":\"https:\/\/www.colazionedaaugusta.it\/#\/schema\/logo\/image\/\",\"url\":\"https:\/\/www.colazionedaaugusta.it\/wp-content\/uploads\/2017\/01\/colazione-da-augusta_redim.png\",\"contentUrl\":\"https:\/\/www.colazionedaaugusta.it\/wp-content\/uploads\/2017\/01\/colazione-da-augusta_redim.png\",\"width\":185,\"height\":183,\"caption\":\"Colazione da Augusta\"},\"image\":{\"@id\":\"https:\/\/www.colazionedaaugusta.it\/#\/schema\/logo\/image\/\"},\"sameAs\":[\"http:\/\/www.facebook.com\/colazionedaaugusta\",\"https:\/\/www.instagram.com\/colazionedaaugusta\/\",\"https:\/\/it.pinterest.com\/linuxiana\/\"]}]}<\/script>\n<!-- \/ Yoast SEO plugin. -->","yoast_head_json":{"title":"caf\u00e9 da manh\u00e3 - Colazione da Augusta - Bed &amp; Breakfast","description":"No b&b Colazione da Augusta REFEI\u00c7\u00d5ES SADIAS E SABOROSAS Escolha a sua preferida, temos 3 menus","robots":{"index":"index","follow":"follow","max-snippet":"max-snippet:-1","max-image-preview":"max-image-preview:large","max-video-preview":"max-video-preview:-1"},"canonical":"https:\/\/www.colazionedaaugusta.it\/pt-br\/cafe-da-manha\/","og_locale":"pt_BR","og_type":"article","og_title":"caf\u00e9 da manh\u00e3 - Colazione da Augusta - Bed &amp; Breakfast","og_description":"No b&b Colazione da Augusta REFEI\u00c7\u00d5ES SADIAS E SABOROSAS Escolha a sua preferida, temos 3 menus","og_url":"https:\/\/www.colazionedaaugusta.it\/pt-br\/cafe-da-manha\/","og_site_name":"Colazione da Augusta - Bed &amp; Breakfast","article_publisher":"http:\/\/www.facebook.com\/colazionedaaugusta","article_modified_time":"2025-04-03T16:57:38+00:00","og_image":[{"url":"https:\/\/www.colazionedaaugusta.it\/wp-content\/uploads\/2015\/01\/flowers_top.png","type":"","width":"","height":""}],"twitter_card":"summary_large_image","twitter_misc":{"Est. tempo de leitura":"2 minutos"},"schema":{"@context":"https:\/\/schema.org","@graph":[{"@type":"WebPage","@id":"https:\/\/www.colazionedaaugusta.it\/pt-br\/cafe-da-manha\/","url":"https:\/\/www.colazionedaaugusta.it\/pt-br\/cafe-da-manha\/","name":"caf\u00e9 da manh\u00e3 - Colazione da Augusta - Bed &amp; Breakfast","isPartOf":{"@id":"https:\/\/www.colazionedaaugusta.it\/#website"},"primaryImageOfPage":{"@id":"https:\/\/www.colazionedaaugusta.it\/pt-br\/cafe-da-manha\/#primaryimage"},"image":{"@id":"https:\/\/www.colazionedaaugusta.it\/pt-br\/cafe-da-manha\/#primaryimage"},"thumbnailUrl":"https:\/\/www.colazionedaaugusta.it\/wp-content\/uploads\/2015\/01\/flowers_top.png","datePublished":"2016-05-30T09:53:04+00:00","dateModified":"2025-04-03T16:57:38+00:00","description":"No b&b Colazione da Augusta REFEI\u00c7\u00d5ES SADIAS E SABOROSAS Escolha a sua preferida, temos 3 menus","breadcrumb":{"@id":"https:\/\/www.colazionedaaugusta.it\/pt-br\/cafe-da-manha\/#breadcrumb"},"inLanguage":"pt-BR","potentialAction":[{"@type":"ReadAction","target":["https:\/\/www.colazionedaaugusta.it\/pt-br\/cafe-da-manha\/"]}]},{"@type":"ImageObject","inLanguage":"pt-BR","@id":"https:\/\/www.colazionedaaugusta.it\/pt-br\/cafe-da-manha\/#primaryimage","url":"https:\/\/www.colazionedaaugusta.it\/wp-content\/uploads\/2015\/01\/flowers_top.png","contentUrl":"https:\/\/www.colazionedaaugusta.it\/wp-content\/uploads\/2015\/01\/flowers_top.png"},{"@type":"BreadcrumbList","@id":"https:\/\/www.colazionedaaugusta.it\/pt-br\/cafe-da-manha\/#breadcrumb","itemListElement":[{"@type":"ListItem","position":1,"name":"Home","item":"https:\/\/www.colazionedaaugusta.it\/pt-br\/"},{"@type":"ListItem","position":2,"name":"caf\u00e9 da manh\u00e3"}]},{"@type":"WebSite","@id":"https:\/\/www.colazionedaaugusta.it\/#website","url":"https:\/\/www.colazionedaaugusta.it\/","name":"Colazione da Augusta - Bed &amp; Breakfast","description":"L&#039;amore per l&#039;ospitalit\u00e0 e la buona cucina","publisher":{"@id":"https:\/\/www.colazionedaaugusta.it\/#organization"},"potentialAction":[{"@type":"SearchAction","target":{"@type":"EntryPoint","urlTemplate":"https:\/\/www.colazionedaaugusta.it\/?s={search_term_string}"},"query-input":{"@type":"PropertyValueSpecification","valueRequired":true,"valueName":"search_term_string"}}],"inLanguage":"pt-BR"},{"@type":"Organization","@id":"https:\/\/www.colazionedaaugusta.it\/#organization","name":"Colazione da Augusta","url":"https:\/\/www.colazionedaaugusta.it\/","logo":{"@type":"ImageObject","inLanguage":"pt-BR","@id":"https:\/\/www.colazionedaaugusta.it\/#\/schema\/logo\/image\/","url":"https:\/\/www.colazionedaaugusta.it\/wp-content\/uploads\/2017\/01\/colazione-da-augusta_redim.png","contentUrl":"https:\/\/www.colazionedaaugusta.it\/wp-content\/uploads\/2017\/01\/colazione-da-augusta_redim.png","width":185,"height":183,"caption":"Colazione da Augusta"},"image":{"@id":"https:\/\/www.colazionedaaugusta.it\/#\/schema\/logo\/image\/"},"sameAs":["http:\/\/www.facebook.com\/colazionedaaugusta","https:\/\/www.instagram.com\/colazionedaaugusta\/","https:\/\/it.pinterest.com\/linuxiana\/"]}]}},"_links":{"self":[{"href":"https:\/\/www.colazionedaaugusta.it\/pt-br\/wp-json\/wp\/v2\/pages\/2632","targetHints":{"allow":["GET"]}}],"collection":[{"href":"https:\/\/www.colazionedaaugusta.it\/pt-br\/wp-json\/wp\/v2\/pages"}],"about":[{"href":"https:\/\/www.colazionedaaugusta.it\/pt-br\/wp-json\/wp\/v2\/types\/page"}],"author":[{"embeddable":true,"href":"https:\/\/www.colazionedaaugusta.it\/pt-br\/wp-json\/wp\/v2\/users\/1"}],"replies":[{"embeddable":true,"href":"https:\/\/www.colazionedaaugusta.it\/pt-br\/wp-json\/wp\/v2\/comments?post=2632"}],"version-history":[{"count":1,"href":"https:\/\/www.colazionedaaugusta.it\/pt-br\/wp-json\/wp\/v2\/pages\/2632\/revisions"}],"predecessor-version":[{"id":19487,"href":"https:\/\/www.colazionedaaugusta.it\/pt-br\/wp-json\/wp\/v2\/pages\/2632\/revisions\/19487"}],"wp:attachment":[{"href":"https:\/\/www.colazionedaaugusta.it\/pt-br\/wp-json\/wp\/v2\/media?parent=2632"}],"curies":[{"name":"wp","href":"https:\/\/api.w.org\/{rel}","templated":true}]}}