{"id":2575,"date":"2016-03-07T15:59:02","date_gmt":"2016-03-07T15:59:02","guid":{"rendered":"https:\/\/www.colazionedaaugusta.it\/bed-and-breakfast-a-torino\/?lang=pt-br"},"modified":"2017-05-13T01:10:44","modified_gmt":"2017-05-13T01:10:44","slug":"bed-and-breakfast-em-turim","status":"publish","type":"page","link":"https:\/\/www.colazionedaaugusta.it\/pt-br\/bed-and-breakfast-em-turim\/","title":{"rendered":"Bem-vindo"},"content":{"rendered":"<div class=\"fusion-fullwidth fullwidth-box fusion-builder-row-1 fusion-flex-container hundred-percent-fullwidth non-hundred-percent-height-scrolling\" style=\"--awb-border-radius-top-left:0px;--awb-border-radius-top-right:0px;--awb-border-radius-bottom-right:0px;--awb-border-radius-bottom-left:0px;--awb-overflow:visible;--awb-padding-right:30px;--awb-padding-left:30px;--awb-flex-wrap:wrap;\" ><div class=\"fusion-builder-row fusion-row fusion-flex-align-items-flex-start fusion-flex-content-wrap\" style=\"width:104% !important;max-width:104% !important;margin-left: calc(-4% \/ 2 );margin-right: calc(-4% \/ 2 );\"><div class=\"fusion-layout-column fusion_builder_column fusion-builder-column-0 fusion_builder_column_1_2 1_2 fusion-flex-column\" style=\"--awb-bg-size:cover;--awb-width-large:50%;--awb-margin-top-large:0px;--awb-spacing-right-large:3.84%;--awb-margin-bottom-large:20px;--awb-spacing-left-large:3.84%;--awb-width-medium:100%;--awb-spacing-right-medium:1.92%;--awb-spacing-left-medium:1.92%;--awb-width-small:100%;--awb-spacing-right-small:1.92%;--awb-spacing-left-small:1.92%;\"><div class=\"fusion-column-wrapper fusion-flex-justify-content-flex-start fusion-content-layout-column\"><div class=\"fusion-title title fusion-title-1 fusion-title-center fusion-title-text fusion-title-size-two\"><div class=\"title-sep-container title-sep-container-left\"><div class=\"title-sep sep-single sep-solid\" style=\"border-color:#e0dede;\"><\/div><\/div><span class=\"awb-title-spacer\"><\/span><h2 class=\"fusion-title-heading title-heading-center fusion-responsive-typography-calculated\" style=\"margin:0;--fontSize:26;line-height:1.69;\">Seja bem-vindo \u00e0 Colazione da Augusta<\/h2><span class=\"awb-title-spacer\"><\/span><div class=\"title-sep-container title-sep-container-right\"><div class=\"title-sep sep-single sep-solid\" style=\"border-color:#e0dede;\"><\/div><\/div><\/div><div class=\"fusion-slider-sc\"><div class=\"fusion-flexslider-loading flexslider flexslider-hover-type-none\" data-slideshow_autoplay=\"1\" data-slideshow_smooth_height=\"0\" data-slideshow_speed=\"7000\" style=\"max-width:100%;height:100%;\"><ul class=\"slides\"><li class=\"image\"><span class=\"lazyload fusion-image-hover-element hover-type-none\"><img decoding=\"async\" src=\"data:image\/gif;base64,R0lGODlhAQABAAAAACH5BAEKAAEALAAAAAABAAEAAAICTAEAOw==\" data-orig-src=\"https:\/\/www.colazionedaaugusta.it\/wp-content\/uploads\/2016\/03\/DSC_3062_DxO-2048x1362.jpg\" \/><\/span><\/li><li class=\"image\"><span class=\"lazyload fusion-image-hover-element hover-type-none\"><img decoding=\"async\" src=\"data:image\/gif;base64,R0lGODlhAQABAAAAACH5BAEKAAEALAAAAAABAAEAAAICTAEAOw==\" data-orig-src=\"https:\/\/www.colazionedaaugusta.it\/wp-content\/uploads\/2016\/03\/DSC_4910-2048x1362.jpg\" \/><\/span><\/li><\/ul><\/div><\/div><\/div><\/div><div class=\"fusion-layout-column fusion_builder_column fusion-builder-column-1 fusion_builder_column_1_2 1_2 fusion-flex-column\" style=\"--awb-bg-size:cover;--awb-width-large:50%;--awb-margin-top-large:0px;--awb-spacing-right-large:3.84%;--awb-margin-bottom-large:20px;--awb-spacing-left-large:3.84%;--awb-width-medium:100%;--awb-spacing-right-medium:1.92%;--awb-spacing-left-medium:1.92%;--awb-width-small:100%;--awb-spacing-right-small:1.92%;--awb-spacing-left-small:1.92%;\"><div class=\"fusion-column-wrapper fusion-flex-justify-content-flex-start fusion-content-layout-column\"><div class=\"fusion-text fusion-text-1\"><p><strong>Primeiro n\u00f3s nos apresentamos.<\/strong><\/p>\n<p>Somos Roberta e Enrico, apaixonados por viagens e gastronomia. De cada pa\u00eds que visitamos juntos, n\u00f3s trouxemos algo: mem\u00f3rias, cheiros, aromas, sabores, experi\u00eancias.<\/p>\n<p>Abrimos a o Bed &amp; Breakfast &#8220;Colazione da Augusta&#8221; porque gostamos de compartilhar a paix\u00e3o por descobertas: acreditamos no encontro entre as pessoas e estamos convencidos de que viver com os outros, nos abrindo\u00a0\u00e0s culturas e tradi\u00e7\u00f5es diferentes da nossa pr\u00f3pria seja uma oportunidade \u00fanica para o conhecimento, o enriquecimento pessoal e crescimento.<\/p>\n<p>N\u00f3s gostamos de caminhar ao longo do Po no domingo de manh\u00e3 conversando. Melhor ainda \u00e8 bater um papo enquanto comemos com os amigos.<\/p>\n<p>Se voc\u00ea est\u00e1 \u00e0 procura de um Bed and Breakfast em Turim, em uma atmosfera familiar, ent\u00e3o este \u00e9 &#8220;seu&#8221; lugar: uma solu\u00e7\u00e3o ideal para aqueles que querem uma estadia cercada de sil\u00eancio e natureza, sem abrir m\u00e3o das oportunidades oferecidas pela cidade.<\/p>\n<\/div><\/div><\/div><div class=\"fusion-layout-column fusion_builder_column fusion-builder-column-2 fusion_builder_column_1_1 1_1 fusion-flex-column fusion-flex-align-self-flex-start fusion-column-no-min-height\" style=\"--awb-bg-size:cover;--awb-width-large:100%;--awb-margin-top-large:0px;--awb-spacing-right-large:1.92%;--awb-margin-bottom-large:0px;--awb-spacing-left-large:1.92%;--awb-width-medium:100%;--awb-spacing-right-medium:1.92%;--awb-spacing-left-medium:1.92%;--awb-width-small:100%;--awb-spacing-right-small:1.92%;--awb-spacing-left-small:1.92%;\"><div class=\"fusion-column-wrapper fusion-flex-justify-content-flex-start fusion-content-layout-column\"><div class=\"fusion-separator fusion-full-width-sep\" style=\"align-self: center;margin-left: auto;margin-right: auto;margin-top:15px;margin-bottom:15px;width:100%;\"><\/div><\/div><\/div><div class=\"fusion-layout-column fusion_builder_column fusion-builder-column-3 fusion_builder_column_1_1 1_1 fusion-flex-column fusion-flex-align-self-flex-start fusion-column-no-min-height\" style=\"--awb-bg-size:cover;--awb-width-large:100%;--awb-margin-top-large:0px;--awb-spacing-right-large:1.92%;--awb-margin-bottom-large:0px;--awb-spacing-left-large:1.92%;--awb-width-medium:100%;--awb-spacing-right-medium:1.92%;--awb-spacing-left-medium:1.92%;--awb-width-small:100%;--awb-spacing-right-small:1.92%;--awb-spacing-left-small:1.92%;\"><div class=\"fusion-column-wrapper fusion-flex-justify-content-flex-start fusion-content-layout-column\"><div class=\"fusion-title title fusion-title-2 fusion-title-text fusion-title-size-two\"><div class=\"title-sep-container title-sep-container-left fusion-no-large-visibility fusion-no-medium-visibility fusion-no-small-visibility\"><div class=\"title-sep sep-single sep-solid\" style=\"border-color:#e0dede;\"><\/div><\/div><span class=\"awb-title-spacer fusion-no-large-visibility fusion-no-medium-visibility fusion-no-small-visibility\"><\/span><h2 class=\"fusion-title-heading title-heading-left fusion-responsive-typography-calculated\" style=\"margin:0;--fontSize:26;line-height:1.69;\">Estes somos n\u00f3s dois<\/h2><span class=\"awb-title-spacer\"><\/span><div class=\"title-sep-container title-sep-container-right\"><div class=\"title-sep sep-single sep-solid\" style=\"border-color:#e0dede;\"><\/div><\/div><\/div><\/div><\/div><div class=\"fusion-layout-column fusion_builder_column fusion-builder-column-4 fusion_builder_column_1_2 1_2 fusion-flex-column\" style=\"--awb-bg-size:cover;--awb-width-large:50%;--awb-margin-top-large:0px;--awb-spacing-right-large:3.84%;--awb-margin-bottom-large:20px;--awb-spacing-left-large:3.84%;--awb-width-medium:100%;--awb-spacing-right-medium:1.92%;--awb-spacing-left-medium:1.92%;--awb-width-small:100%;--awb-spacing-right-small:1.92%;--awb-spacing-left-small:1.92%;\"><div class=\"fusion-column-wrapper fusion-flex-justify-content-flex-start fusion-content-layout-column\"><div class=\"fusion-person person fusion-person-left fusion-person-1 fusion-person-icon-top\" style=\"--awb-pic-style-color:#000000;--awb-pic-borderradius:50%;--awb-margin-top:0px;--awb-margin-right:0px;--awb-margin-bottom:0px;--awb-margin-left:0px;--awb-social-box-border-top:0px;--awb-social-box-border-right:0px;--awb-social-box-border-bottom:0px;--awb-social-box-border-left:0px;\"><div class=\"person-shortcode-image-wrapper\"><div class=\"person-image-container hover-type-none person-rounded-overflow\" style=\"-webkit-border-radius:50%;-moz-border-radius:50%;border-radius:50%;border:0px solid #f6f6f6;-webkit-border-radius:50%;-moz-border-radius:50%;border-radius:50%;\"><img decoding=\"async\" class=\"lazyload person-img img-responsive wp-image-2925\" width=\"300\" height=\"300\" src=\"data:image\/svg+xml,%3Csvg%20xmlns%3D%27http%3A%2F%2Fwww.w3.org%2F2000%2Fsvg%27%20width%3D%27300%27%20height%3D%27300%27%20viewBox%3D%270%200%20300%20300%27%3E%3Crect%20width%3D%27300%27%20height%3D%27300%27%20fill-opacity%3D%220%22%2F%3E%3C%2Fsvg%3E\" data-orig-src=\"https:\/\/www.colazionedaaugusta.it\/wp-content\/uploads\/2016\/03\/robi.jpg\" alt=\"Roberta\" \/><\/div><\/div><div class=\"person-desc\"><div class=\"person-author\"><div class=\"person-author-wrapper\"><span class=\"person-name\">Roberta<\/span><span class=\"person-title\">Confie em mim voc\u00ea n\u00e3o vai se arrepender<\/span><\/div><\/div><div class=\"person-content fusion-clearfix\">Passei minha inf\u00e2ncia no Brasil e desde ent\u00e3o nunca mais parei de viajar: sou entusiasta e criativa, amo muito conhecer novas pessoas, culturas e l\u00ednguas, de qualquer lugar no mundo. Do que eu gosto? Fazer artesanato, como j\u00f3ias e bolsas, tudo a partir de materiais reciclados. Quando n\u00e3o estou aqui com voc\u00ea ou viajando, trabalho como vendedora em uma loja de capsulas de caf\u00e9 em Chieri.<\/div><\/div><\/div><\/div><\/div><div class=\"fusion-layout-column fusion_builder_column fusion-builder-column-5 fusion_builder_column_1_2 1_2 fusion-flex-column\" style=\"--awb-bg-size:cover;--awb-width-large:50%;--awb-margin-top-large:0px;--awb-spacing-right-large:3.84%;--awb-margin-bottom-large:20px;--awb-spacing-left-large:3.84%;--awb-width-medium:100%;--awb-spacing-right-medium:1.92%;--awb-spacing-left-medium:1.92%;--awb-width-small:100%;--awb-spacing-right-small:1.92%;--awb-spacing-left-small:1.92%;\"><div class=\"fusion-column-wrapper fusion-flex-justify-content-flex-start fusion-content-layout-column\"><div class=\"fusion-person person fusion-person-left fusion-person-2 fusion-person-icon-top\" style=\"--awb-pic-style-color:#000000;--awb-pic-borderradius:50%;--awb-margin-top:0px;--awb-margin-right:0px;--awb-margin-bottom:0px;--awb-margin-left:0px;--awb-social-box-border-top:0px;--awb-social-box-border-right:0px;--awb-social-box-border-bottom:0px;--awb-social-box-border-left:0px;\"><div class=\"person-shortcode-image-wrapper\"><div class=\"person-image-container hover-type-none person-rounded-overflow\" style=\"-webkit-border-radius:50%;-moz-border-radius:50%;border-radius:50%;border:0px solid #f6f6f6;-webkit-border-radius:50%;-moz-border-radius:50%;border-radius:50%;\"><img decoding=\"async\" class=\"lazyload person-img img-responsive wp-image-2922\" width=\"300\" height=\"300\" src=\"data:image\/svg+xml,%3Csvg%20xmlns%3D%27http%3A%2F%2Fwww.w3.org%2F2000%2Fsvg%27%20width%3D%27300%27%20height%3D%27300%27%20viewBox%3D%270%200%20300%20300%27%3E%3Crect%20width%3D%27300%27%20height%3D%27300%27%20fill-opacity%3D%220%22%2F%3E%3C%2Fsvg%3E\" data-orig-src=\"https:\/\/www.colazionedaaugusta.it\/wp-content\/uploads\/2016\/03\/enrico.jpg\" alt=\"Enrico\" \/><\/div><\/div><div class=\"person-desc\"><div class=\"person-author\"><div class=\"person-author-wrapper\"><span class=\"person-name\">Enrico<\/span><span class=\"person-title\">O caf\u00e9 da manh\u00e3 de Augusta? c\u2019est moi<\/span><\/div><\/div><div class=\"person-content fusion-clearfix\">Meu trabalho \u00e9 a computa\u00e7\u00e3o, minha paix\u00e3o: vinhos e boa comida. Eu gosto de criar novos pratos e impressionar at\u00e9 mesmo os paladares mais exigentes, usando ingredientes e especiarias descobertas em todo o mundo. Minha especialidade? As sobremesas. Por isso gosto de mimar os h\u00f3spedes do nosso B &amp; B com caf\u00e9s da manh\u00e3 puros e saud\u00e1veis. Uma viagem no gosto, para uma estadia com um &#8220;toque&#8221; a mais.<\/div><\/div><\/div><\/div><\/div><div class=\"fusion-layout-column fusion_builder_column fusion-builder-column-6 fusion_builder_column_1_1 1_1 fusion-flex-column fusion-flex-align-self-flex-start fusion-column-no-min-height\" style=\"--awb-bg-size:cover;--awb-width-large:100%;--awb-margin-top-large:0px;--awb-spacing-right-large:1.92%;--awb-margin-bottom-large:0px;--awb-spacing-left-large:1.92%;--awb-width-medium:100%;--awb-spacing-right-medium:1.92%;--awb-spacing-left-medium:1.92%;--awb-width-small:100%;--awb-spacing-right-small:1.92%;--awb-spacing-left-small:1.92%;\"><div class=\"fusion-column-wrapper fusion-flex-justify-content-flex-start fusion-content-layout-column\"><div class=\"fusion-separator fusion-full-width-sep\" style=\"align-self: center;margin-left: auto;margin-right: auto;margin-top:20px;margin-bottom:20px;width:100%;\"><\/div><\/div><\/div><\/div><\/div>\n","protected":false},"excerpt":{"rendered":"","protected":false},"author":1,"featured_media":0,"parent":0,"menu_order":0,"comment_status":"open","ping_status":"closed","template":"100-width.php","meta":{"footnotes":""},"class_list":["post-2575","page","type-page","status-publish","hentry"],"yoast_head":"<!-- This site is optimized with the Yoast SEO plugin v26.3 - https:\/\/yoast.com\/wordpress\/plugins\/seo\/ -->\n<title>Bed and breakfast em Turim - Bem-vindo \u00e0 Colazione da Augusta<\/title>\n<meta name=\"description\" content=\"Bed and breakfast em Turim - Bem-vindo \u00e0 Colazione da Augusta, conhe\u00e7a mais de perto Roberta ed Enrico, qualidade, cortesia e amor pela boa cozinha\" \/>\n<meta name=\"robots\" content=\"index, follow, max-snippet:-1, max-image-preview:large, max-video-preview:-1\" \/>\n<link rel=\"canonical\" href=\"https:\/\/www.colazionedaaugusta.it\/pt-br\/bed-and-breakfast-em-turim\/\" \/>\n<meta property=\"og:locale\" content=\"pt_BR\" \/>\n<meta property=\"og:type\" content=\"article\" \/>\n<meta property=\"og:title\" content=\"Bed and breakfast em Turim - Bem-vindo \u00e0 Colazione da Augusta\" \/>\n<meta property=\"og:description\" content=\"Bed and breakfast em Turim - Bem-vindo \u00e0 Colazione da Augusta, conhe\u00e7a mais de perto Roberta ed Enrico, qualidade, cortesia e amor pela boa cozinha\" \/>\n<meta property=\"og:url\" content=\"https:\/\/www.colazionedaaugusta.it\/pt-br\/bed-and-breakfast-em-turim\/\" \/>\n<meta property=\"og:site_name\" content=\"Colazione da Augusta - Bed &amp; Breakfast\" \/>\n<meta property=\"article:publisher\" content=\"http:\/\/www.facebook.com\/colazionedaaugusta\" \/>\n<meta property=\"article:modified_time\" content=\"2017-05-13T01:10:44+00:00\" \/>\n<meta name=\"twitter:card\" content=\"summary_large_image\" \/>\n<meta name=\"twitter:label1\" content=\"Est. tempo de leitura\" \/>\n\t<meta name=\"twitter:data1\" content=\"5 minutos\" \/>\n<script type=\"application\/ld+json\" class=\"yoast-schema-graph\">{\"@context\":\"https:\/\/schema.org\",\"@graph\":[{\"@type\":\"WebPage\",\"@id\":\"https:\/\/www.colazionedaaugusta.it\/pt-br\/bed-and-breakfast-em-turim\/\",\"url\":\"https:\/\/www.colazionedaaugusta.it\/pt-br\/bed-and-breakfast-em-turim\/\",\"name\":\"Bed and breakfast em Turim - Bem-vindo \u00e0 Colazione da Augusta\",\"isPartOf\":{\"@id\":\"https:\/\/www.colazionedaaugusta.it\/#website\"},\"datePublished\":\"2016-03-07T15:59:02+00:00\",\"dateModified\":\"2017-05-13T01:10:44+00:00\",\"description\":\"Bed and breakfast em Turim - Bem-vindo \u00e0 Colazione da Augusta, conhe\u00e7a mais de perto Roberta ed Enrico, qualidade, cortesia e amor pela boa cozinha\",\"breadcrumb\":{\"@id\":\"https:\/\/www.colazionedaaugusta.it\/pt-br\/bed-and-breakfast-em-turim\/#breadcrumb\"},\"inLanguage\":\"pt-BR\",\"potentialAction\":[{\"@type\":\"ReadAction\",\"target\":[\"https:\/\/www.colazionedaaugusta.it\/pt-br\/bed-and-breakfast-em-turim\/\"]}]},{\"@type\":\"BreadcrumbList\",\"@id\":\"https:\/\/www.colazionedaaugusta.it\/pt-br\/bed-and-breakfast-em-turim\/#breadcrumb\",\"itemListElement\":[{\"@type\":\"ListItem\",\"position\":1,\"name\":\"Home\",\"item\":\"https:\/\/www.colazionedaaugusta.it\/pt-br\/\"},{\"@type\":\"ListItem\",\"position\":2,\"name\":\"Bem-vindo\"}]},{\"@type\":\"WebSite\",\"@id\":\"https:\/\/www.colazionedaaugusta.it\/#website\",\"url\":\"https:\/\/www.colazionedaaugusta.it\/\",\"name\":\"Colazione da Augusta - Bed &amp; Breakfast\",\"description\":\"L&#039;amore per l&#039;ospitalit\u00e0 e la buona cucina\",\"publisher\":{\"@id\":\"https:\/\/www.colazionedaaugusta.it\/#organization\"},\"potentialAction\":[{\"@type\":\"SearchAction\",\"target\":{\"@type\":\"EntryPoint\",\"urlTemplate\":\"https:\/\/www.colazionedaaugusta.it\/?s={search_term_string}\"},\"query-input\":{\"@type\":\"PropertyValueSpecification\",\"valueRequired\":true,\"valueName\":\"search_term_string\"}}],\"inLanguage\":\"pt-BR\"},{\"@type\":\"Organization\",\"@id\":\"https:\/\/www.colazionedaaugusta.it\/#organization\",\"name\":\"Colazione da Augusta\",\"url\":\"https:\/\/www.colazionedaaugusta.it\/\",\"logo\":{\"@type\":\"ImageObject\",\"inLanguage\":\"pt-BR\",\"@id\":\"https:\/\/www.colazionedaaugusta.it\/#\/schema\/logo\/image\/\",\"url\":\"https:\/\/www.colazionedaaugusta.it\/wp-content\/uploads\/2017\/01\/colazione-da-augusta_redim.png\",\"contentUrl\":\"https:\/\/www.colazionedaaugusta.it\/wp-content\/uploads\/2017\/01\/colazione-da-augusta_redim.png\",\"width\":185,\"height\":183,\"caption\":\"Colazione da Augusta\"},\"image\":{\"@id\":\"https:\/\/www.colazionedaaugusta.it\/#\/schema\/logo\/image\/\"},\"sameAs\":[\"http:\/\/www.facebook.com\/colazionedaaugusta\",\"https:\/\/www.instagram.com\/colazionedaaugusta\/\",\"https:\/\/it.pinterest.com\/linuxiana\/\"]}]}<\/script>\n<!-- \/ Yoast SEO plugin. -->","yoast_head_json":{"title":"Bed and breakfast em Turim - Bem-vindo \u00e0 Colazione da Augusta","description":"Bed and breakfast em Turim - Bem-vindo \u00e0 Colazione da Augusta, conhe\u00e7a mais de perto Roberta ed Enrico, qualidade, cortesia e amor pela boa cozinha","robots":{"index":"index","follow":"follow","max-snippet":"max-snippet:-1","max-image-preview":"max-image-preview:large","max-video-preview":"max-video-preview:-1"},"canonical":"https:\/\/www.colazionedaaugusta.it\/pt-br\/bed-and-breakfast-em-turim\/","og_locale":"pt_BR","og_type":"article","og_title":"Bed and breakfast em Turim - Bem-vindo \u00e0 Colazione da Augusta","og_description":"Bed and breakfast em Turim - Bem-vindo \u00e0 Colazione da Augusta, conhe\u00e7a mais de perto Roberta ed Enrico, qualidade, cortesia e amor pela boa cozinha","og_url":"https:\/\/www.colazionedaaugusta.it\/pt-br\/bed-and-breakfast-em-turim\/","og_site_name":"Colazione da Augusta - Bed &amp; Breakfast","article_publisher":"http:\/\/www.facebook.com\/colazionedaaugusta","article_modified_time":"2017-05-13T01:10:44+00:00","twitter_card":"summary_large_image","twitter_misc":{"Est. tempo de leitura":"5 minutos"},"schema":{"@context":"https:\/\/schema.org","@graph":[{"@type":"WebPage","@id":"https:\/\/www.colazionedaaugusta.it\/pt-br\/bed-and-breakfast-em-turim\/","url":"https:\/\/www.colazionedaaugusta.it\/pt-br\/bed-and-breakfast-em-turim\/","name":"Bed and breakfast em Turim - Bem-vindo \u00e0 Colazione da Augusta","isPartOf":{"@id":"https:\/\/www.colazionedaaugusta.it\/#website"},"datePublished":"2016-03-07T15:59:02+00:00","dateModified":"2017-05-13T01:10:44+00:00","description":"Bed and breakfast em Turim - Bem-vindo \u00e0 Colazione da Augusta, conhe\u00e7a mais de perto Roberta ed Enrico, qualidade, cortesia e amor pela boa cozinha","breadcrumb":{"@id":"https:\/\/www.colazionedaaugusta.it\/pt-br\/bed-and-breakfast-em-turim\/#breadcrumb"},"inLanguage":"pt-BR","potentialAction":[{"@type":"ReadAction","target":["https:\/\/www.colazionedaaugusta.it\/pt-br\/bed-and-breakfast-em-turim\/"]}]},{"@type":"BreadcrumbList","@id":"https:\/\/www.colazionedaaugusta.it\/pt-br\/bed-and-breakfast-em-turim\/#breadcrumb","itemListElement":[{"@type":"ListItem","position":1,"name":"Home","item":"https:\/\/www.colazionedaaugusta.it\/pt-br\/"},{"@type":"ListItem","position":2,"name":"Bem-vindo"}]},{"@type":"WebSite","@id":"https:\/\/www.colazionedaaugusta.it\/#website","url":"https:\/\/www.colazionedaaugusta.it\/","name":"Colazione da Augusta - Bed &amp; Breakfast","description":"L&#039;amore per l&#039;ospitalit\u00e0 e la buona cucina","publisher":{"@id":"https:\/\/www.colazionedaaugusta.it\/#organization"},"potentialAction":[{"@type":"SearchAction","target":{"@type":"EntryPoint","urlTemplate":"https:\/\/www.colazionedaaugusta.it\/?s={search_term_string}"},"query-input":{"@type":"PropertyValueSpecification","valueRequired":true,"valueName":"search_term_string"}}],"inLanguage":"pt-BR"},{"@type":"Organization","@id":"https:\/\/www.colazionedaaugusta.it\/#organization","name":"Colazione da Augusta","url":"https:\/\/www.colazionedaaugusta.it\/","logo":{"@type":"ImageObject","inLanguage":"pt-BR","@id":"https:\/\/www.colazionedaaugusta.it\/#\/schema\/logo\/image\/","url":"https:\/\/www.colazionedaaugusta.it\/wp-content\/uploads\/2017\/01\/colazione-da-augusta_redim.png","contentUrl":"https:\/\/www.colazionedaaugusta.it\/wp-content\/uploads\/2017\/01\/colazione-da-augusta_redim.png","width":185,"height":183,"caption":"Colazione da Augusta"},"image":{"@id":"https:\/\/www.colazionedaaugusta.it\/#\/schema\/logo\/image\/"},"sameAs":["http:\/\/www.facebook.com\/colazionedaaugusta","https:\/\/www.instagram.com\/colazionedaaugusta\/","https:\/\/it.pinterest.com\/linuxiana\/"]}]}},"_links":{"self":[{"href":"https:\/\/www.colazionedaaugusta.it\/pt-br\/wp-json\/wp\/v2\/pages\/2575","targetHints":{"allow":["GET"]}}],"collection":[{"href":"https:\/\/www.colazionedaaugusta.it\/pt-br\/wp-json\/wp\/v2\/pages"}],"about":[{"href":"https:\/\/www.colazionedaaugusta.it\/pt-br\/wp-json\/wp\/v2\/types\/page"}],"author":[{"embeddable":true,"href":"https:\/\/www.colazionedaaugusta.it\/pt-br\/wp-json\/wp\/v2\/users\/1"}],"replies":[{"embeddable":true,"href":"https:\/\/www.colazionedaaugusta.it\/pt-br\/wp-json\/wp\/v2\/comments?post=2575"}],"version-history":[{"count":0,"href":"https:\/\/www.colazionedaaugusta.it\/pt-br\/wp-json\/wp\/v2\/pages\/2575\/revisions"}],"wp:attachment":[{"href":"https:\/\/www.colazionedaaugusta.it\/pt-br\/wp-json\/wp\/v2\/media?parent=2575"}],"curies":[{"name":"wp","href":"https:\/\/api.w.org\/{rel}","templated":true}]}}