{"id":4057,"date":"2016-03-30T17:21:28","date_gmt":"2017-01-18T23:58:07","guid":{"rendered":"https:\/\/www.colazionedaaugusta.it\/arriver-a-turin-en-avion\/"},"modified":"2017-05-13T01:10:43","modified_gmt":"2017-05-13T01:10:43","slug":"arriver-a-turin-en-avion","status":"publish","type":"page","link":"https:\/\/www.colazionedaaugusta.it\/fr\/arriver-a-turin-en-avion\/","title":{"rendered":"Arriver \u00e0 Turin en avion"},"content":{"rendered":"<p><div class=\"fusion-fullwidth fullwidth-box fusion-builder-row-1 fusion-flex-container nonhundred-percent-fullwidth non-hundred-percent-height-scrolling\" style=\"--awb-background-position:left top;--awb-border-radius-top-left:0px;--awb-border-radius-top-right:0px;--awb-border-radius-bottom-right:0px;--awb-border-radius-bottom-left:0px;--awb-padding-top:0px;--awb-padding-bottom:70px;--awb-border-sizes-top:0px;--awb-border-sizes-bottom:0px;--awb-flex-wrap:wrap;\" ><div class=\"fusion-builder-row fusion-row fusion-flex-align-items-stretch fusion-flex-content-wrap\" style=\"max-width:calc( 1170px + 0px );margin-left: calc(-0px \/ 2 );margin-right: calc(-0px \/ 2 );\"><div class=\"fusion-layout-column fusion_builder_column fusion-builder-column-0 fusion_builder_column_1_3 1_3 fusion-flex-column\" style=\"--awb-bg-position:right bottom;--awb-bg-size:cover;--awb-width-large:33.333333333333%;--awb-margin-top-large:0px;--awb-spacing-right-large:0px;--awb-margin-bottom-large:20px;--awb-spacing-left-large:0px;--awb-width-medium:100%;--awb-spacing-right-medium:0px;--awb-spacing-left-medium:0px;--awb-width-small:100%;--awb-spacing-right-small:0px;--awb-spacing-left-small:0px;\"><div class=\"fusion-column-wrapper fusion-flex-justify-content-flex-start fusion-content-layout-column\"><div class=\"fusion-text fusion-text-1\"><p>EN ARRIVANT EN AVION<\/p>\n<\/div><div class=\"fusion-separator\" style=\"align-self: flex-start;margin-right:auto;margin-top:0px;margin-bottom:20px;width:100%;max-width:50px;\"><div class=\"fusion-separator-border sep-single sep-solid\" style=\"--awb-height:20px;--awb-amount:20px;--awb-sep-color:#cbaa5c;border-color:#cbaa5c;border-top-width:1px;\"><\/div><\/div><div class=\"fusion-text fusion-text-2\"><p>L\u2019a\u00e9roport se situe \u00e0 Caselle, \u00e0 16\u00a0km au nord de Turin, il est possible de rejoindre Turin en train ou en bus. Voici toutes les options et les horaires.<\/p>\n<address>\u00a0<\/address>\n<\/div><div class=\"fusion-separator fusion-full-width-sep\" style=\"align-self: center;margin-left: auto;margin-right: auto;margin-top:15px;width:100%;\"><\/div><\/div><\/div><div class=\"fusion-layout-column fusion_builder_column fusion-builder-column-1 fusion_builder_column_2_3 2_3 fusion-flex-column\" style=\"--awb-padding-top:40px;--awb-padding-right:40px;--awb-padding-bottom:40px;--awb-padding-left:40px;--awb-bg-color:#ffffff;--awb-bg-color-hover:#ffffff;--awb-bg-position:right center;--awb-bg-size:cover;--awb-border-color:#ebeef1;--awb-border-top:1px;--awb-border-right:1px;--awb-border-bottom:1px;--awb-border-left:1px;--awb-border-style:solid;--awb-width-large:66.666666666667%;--awb-margin-top-large:0px;--awb-spacing-right-large:0px;--awb-margin-bottom-large:20px;--awb-spacing-left-large:0px;--awb-width-medium:100%;--awb-spacing-right-medium:0px;--awb-spacing-left-medium:0px;--awb-width-small:100%;--awb-spacing-right-small:0px;--awb-spacing-left-small:0px;\"><div class=\"fusion-column-wrapper fusion-flex-justify-content-flex-start fusion-content-layout-column\"><div class=\"fusion-image-element \" style=\"text-align:center;--awb-liftup-border-radius:0px;--awb-caption-title-font-family:var(--h2_typography-font-family);--awb-caption-title-font-weight:var(--h2_typography-font-weight);--awb-caption-title-font-style:var(--h2_typography-font-style);--awb-caption-title-size:var(--h2_typography-font-size);--awb-caption-title-transform:var(--h2_typography-text-transform);--awb-caption-title-line-height:var(--h2_typography-line-height);--awb-caption-title-letter-spacing:var(--h2_typography-letter-spacing);\"><div class=\"awb-image-frame awb-image-frame-1 imageframe-liftup\"><span class=\" fusion-imageframe imageframe-dropshadow imageframe-1\" style=\"border:13px solid #ffffff;-webkit-box-shadow: 3px 3px 7px rgba(0,0,0,0.3);box-shadow: 3px 3px 7px rgba(0,0,0,0.3);\"><img decoding=\"async\" alt=\"Le camere\" src=\"data:image\/gif;base64,R0lGODlhAQABAAAAACH5BAEKAAEALAAAAAABAAEAAAICTAEAOw==\" data-orig-src=\"https:\/\/www.colazionedaaugusta.it\/wp-content\/uploads\/2016\/03\/aeroporto-caselle-600x339.jpg\" class=\"lazyload img-responsive\"\/><\/span><\/div><\/div><\/div><\/div><\/div><\/div><div class=\"fusion-fullwidth fullwidth-box fusion-builder-row-2 fusion-flex-container fusion-parallax-fixed nonhundred-percent-fullwidth non-hundred-percent-height-scrolling lazyload\" style=\"--awb-background-position:left top;--awb-border-radius-top-left:0px;--awb-border-radius-top-right:0px;--awb-border-radius-bottom-right:0px;--awb-border-radius-bottom-left:0px;--awb-padding-top:0px;--awb-padding-bottom:35px;--awb-background-size:cover;--awb-border-sizes-top:0px;--awb-border-sizes-bottom:0px;--awb-flex-wrap:wrap;background-attachment:fixed;\" data-bg=\"https:\/\/www.colazionedaaugusta.it\/wp-content\/uploads\/2016\/03\/caselle-aeroporto.jpg\" ><div class=\"fusion-builder-row fusion-row fusion-flex-align-items-flex-start fusion-flex-content-wrap\" style=\"max-width:calc( 1170px + 0px );margin-left: calc(-0px \/ 2 );margin-right: calc(-0px \/ 2 );\"><div class=\"fusion-layout-column fusion_builder_column fusion-builder-column-2 fusion_builder_column_1_1 1_1 fusion-flex-column\" style=\"--awb-padding-top:20px;--awb-padding-right:20px;--awb-padding-bottom:20px;--awb-padding-left:20px;--awb-bg-position:center top;--awb-bg-size:cover;--awb-width-large:100%;--awb-margin-top-large:0px;--awb-spacing-right-large:0px;--awb-margin-bottom-large:20px;--awb-spacing-left-large:0px;--awb-width-medium:100%;--awb-spacing-right-medium:0px;--awb-spacing-left-medium:0px;--awb-width-small:100%;--awb-spacing-right-small:0px;--awb-spacing-left-small:0px;\"><div class=\"fusion-column-wrapper fusion-flex-justify-content-flex-start fusion-content-layout-column\"><div class=\"fusion-content-boxes content-boxes columns row fusion-columns-2 fusion-columns-total-2 fusion-content-boxes-1 content-boxes-icon-with-title content-left\" style=\"--awb-hover-accent-color:#cbaa5c;--awb-circle-hover-accent-color:#cbaa5c;\" data-animationOffset=\"top-into-view\"><div style=\"--awb-backgroundcolor:#ffffff;\" class=\"fusion-column content-box-column content-box-column content-box-column-1 col-lg-6 col-md-6 col-sm-6 fusion-content-box-hover content-box-column-first-in-row\"><div class=\"col content-box-wrapper content-wrapper-background link-area-link-icon icon-hover-animation-pulsate\" data-animationOffset=\"top-into-view\"><div class=\"fusion-clearfix\"><\/div><div class=\"content-container\">\n<h2 style=\"text-align: center;\" data-fontsize=\"26\" data-lineheight=\"44\">De l&rsquo;a\u00e9roport \u00e0 Turin<\/h2>\n<div class=\"fusion-sep-clear\">\u00a0<div class=\"fusion-separator\" style=\"align-self: center;margin-left: auto;margin-right: auto;margin-top:20px;margin-bottom:20px;width:100%;max-width:50px;\"><div class=\"fusion-separator-border sep-single sep-solid\" style=\"--awb-height:20px;--awb-amount:20px;--awb-sep-color:#cbaa5c;border-color:#cbaa5c;border-top-width:1px;\"><\/div><\/div><\/div>\n<p style=\"text-align: center;\"><b>Liaison par train<\/b><\/p>\n<p>Une ligne ferroviaire relie l\u2019a\u00e9roport de Caselle \u00e0 la gare Dora GTT.<\/p>\n<p style=\"text-align: justify;\">D\u00e9parts pour l&rsquo;a\u00e9roport toutes les demi-heures, de 5.13 \u00e0 19.43, les r\u00e9tours \u00e0 Turin de 6.49 \u00e0 21.19, aussi toutes les demi-heures.<\/p>\n<p style=\"text-align: justify;\">Infos Gtt &#8211; Tel. +39 011 2165352<br \/>\nSite Internet: <a href=\"http:\/\/www.comune.torino.it\/gtt\/\" target=\"_blank\">www.comune.torino.it\/gtt\/<\/a><\/p>\n<\/div><\/div><\/div><div style=\"--awb-backgroundcolor:#ffffff;\" class=\"fusion-column content-box-column content-box-column content-box-column-2 col-lg-6 col-md-6 col-sm-6 fusion-content-box-hover content-box-column-last content-box-column-last-in-row\"><div class=\"col content-box-wrapper content-wrapper-background link-area-link-icon icon-hover-animation-pulsate\" data-animationOffset=\"top-into-view\"><div class=\"fusion-clearfix\"><\/div><div class=\"content-container\">\n<h2 style=\"text-align: center;\" data-fontsize=\"26\" data-lineheight=\"44\">De l&rsquo;a\u00e9roport \u00e0 Turin<\/h2>\n<div class=\"fusion-sep-clear\">\u00a0<div class=\"fusion-separator\" style=\"align-self: center;margin-left: auto;margin-right: auto;margin-top:20px;margin-bottom:20px;width:100%;max-width:50px;\"><div class=\"fusion-separator-border sep-single sep-solid\" style=\"--awb-height:20px;--awb-amount:20px;--awb-sep-color:#cbaa5c;border-color:#cbaa5c;border-top-width:1px;\"><\/div><\/div><\/div>\n<p style=\"text-align: center;\"><b>Liaison par navette<br \/>\n<\/b><\/p>\n<p>Du matin t\u00f4t et jusque tard le soir, il est possible de se rendre \u00e0 l\u2019a\u00e9roport depuis le centre de Turin en utilisant les transports publics. Le temps de parcours est de 45 minutes. Fr\u00e9quence\u00a0: toutes les 30 minutes de 5h15 \u00e0 00h05 en semaine et toutes les 45 minutes le week-end et les jours f\u00e9ri\u00e9s.<\/p>\n<p style=\"text-align: justify;\">Infos: Sadem &#8211; Tel. +39 011 3000611<br \/>\nSite Internet: <a href=\"http:\/\/www.sadem.it\/\" target=\"_blank\">www.sadem.it<\/a><\/p>\n<\/div><\/div><\/div><div class=\"fusion-clearfix\"><\/div><\/div><\/div><\/div><\/div><\/div><\/p>\n","protected":false},"excerpt":{"rendered":"","protected":false},"author":1,"featured_media":0,"parent":0,"menu_order":0,"comment_status":"open","ping_status":"open","template":"100-width.php","meta":{"footnotes":""},"class_list":["post-4057","page","type-page","status-publish","hentry"],"yoast_head":"<!-- This site is optimized with the Yoast SEO plugin v26.3 - https:\/\/yoast.com\/wordpress\/plugins\/seo\/ -->\n<title>Colazione da Augusta - arriver \u00e0 Turin en avion<\/title>\n<meta name=\"description\" content=\"Comment venir chez Colazione da Augusta - rejoindre Turin en avion, le parcours de l&#039;a\u00e9roport \u00e0 notre chambre d&#039;h\u00f4tes\" \/>\n<meta name=\"robots\" content=\"index, follow, max-snippet:-1, max-image-preview:large, max-video-preview:-1\" \/>\n<link rel=\"canonical\" href=\"https:\/\/www.colazionedaaugusta.it\/fr\/arriver-a-turin-en-avion\/\" \/>\n<meta property=\"og:locale\" content=\"fr_FR\" \/>\n<meta property=\"og:type\" content=\"article\" \/>\n<meta property=\"og:title\" content=\"Colazione da Augusta - arriver \u00e0 Turin en avion\" \/>\n<meta property=\"og:description\" content=\"Comment venir chez Colazione da Augusta - rejoindre Turin en avion, le parcours de l&#039;a\u00e9roport \u00e0 notre chambre d&#039;h\u00f4tes\" \/>\n<meta property=\"og:url\" content=\"https:\/\/www.colazionedaaugusta.it\/fr\/arriver-a-turin-en-avion\/\" \/>\n<meta property=\"og:site_name\" content=\"Colazione da Augusta - Bed &amp; Breakfast\" \/>\n<meta property=\"article:publisher\" content=\"http:\/\/www.facebook.com\/colazionedaaugusta\" \/>\n<meta property=\"article:modified_time\" content=\"2017-05-13T01:10:43+00:00\" \/>\n<meta property=\"og:image\" content=\"https:\/\/www.colazionedaaugusta.it\/wp-content\/uploads\/2016\/03\/aeroporto-caselle-600x339.jpg\" \/>\n<meta name=\"twitter:card\" content=\"summary_large_image\" \/>\n<meta name=\"twitter:label1\" content=\"Dur\u00e9e de lecture estim\u00e9e\" \/>\n\t<meta name=\"twitter:data1\" content=\"4 minutes\" \/>\n<script type=\"application\/ld+json\" class=\"yoast-schema-graph\">{\"@context\":\"https:\/\/schema.org\",\"@graph\":[{\"@type\":\"WebPage\",\"@id\":\"https:\/\/www.colazionedaaugusta.it\/fr\/arriver-a-turin-en-avion\/\",\"url\":\"https:\/\/www.colazionedaaugusta.it\/fr\/arriver-a-turin-en-avion\/\",\"name\":\"Colazione da Augusta - arriver \u00e0 Turin en avion\",\"isPartOf\":{\"@id\":\"https:\/\/www.colazionedaaugusta.it\/#website\"},\"primaryImageOfPage\":{\"@id\":\"https:\/\/www.colazionedaaugusta.it\/fr\/arriver-a-turin-en-avion\/#primaryimage\"},\"image\":{\"@id\":\"https:\/\/www.colazionedaaugusta.it\/fr\/arriver-a-turin-en-avion\/#primaryimage\"},\"thumbnailUrl\":\"https:\/\/www.colazionedaaugusta.it\/wp-content\/uploads\/2016\/03\/aeroporto-caselle-600x339.jpg\",\"datePublished\":\"2017-01-18T23:58:07+00:00\",\"dateModified\":\"2017-05-13T01:10:43+00:00\",\"description\":\"Comment venir chez Colazione da Augusta - rejoindre Turin en avion, le parcours de l'a\u00e9roport \u00e0 notre chambre d'h\u00f4tes\",\"breadcrumb\":{\"@id\":\"https:\/\/www.colazionedaaugusta.it\/fr\/arriver-a-turin-en-avion\/#breadcrumb\"},\"inLanguage\":\"fr-FR\",\"potentialAction\":[{\"@type\":\"ReadAction\",\"target\":[\"https:\/\/www.colazionedaaugusta.it\/fr\/arriver-a-turin-en-avion\/\"]}]},{\"@type\":\"ImageObject\",\"inLanguage\":\"fr-FR\",\"@id\":\"https:\/\/www.colazionedaaugusta.it\/fr\/arriver-a-turin-en-avion\/#primaryimage\",\"url\":\"https:\/\/www.colazionedaaugusta.it\/wp-content\/uploads\/2016\/03\/aeroporto-caselle-600x339.jpg\",\"contentUrl\":\"https:\/\/www.colazionedaaugusta.it\/wp-content\/uploads\/2016\/03\/aeroporto-caselle-600x339.jpg\"},{\"@type\":\"BreadcrumbList\",\"@id\":\"https:\/\/www.colazionedaaugusta.it\/fr\/arriver-a-turin-en-avion\/#breadcrumb\",\"itemListElement\":[{\"@type\":\"ListItem\",\"position\":1,\"name\":\"Home\",\"item\":\"https:\/\/www.colazionedaaugusta.it\/fr\/\"},{\"@type\":\"ListItem\",\"position\":2,\"name\":\"Arriver \u00e0 Turin en avion\"}]},{\"@type\":\"WebSite\",\"@id\":\"https:\/\/www.colazionedaaugusta.it\/#website\",\"url\":\"https:\/\/www.colazionedaaugusta.it\/\",\"name\":\"Colazione da Augusta - Bed &amp; Breakfast\",\"description\":\"L&#039;amore per l&#039;ospitalit\u00e0 e la buona cucina\",\"publisher\":{\"@id\":\"https:\/\/www.colazionedaaugusta.it\/#organization\"},\"potentialAction\":[{\"@type\":\"SearchAction\",\"target\":{\"@type\":\"EntryPoint\",\"urlTemplate\":\"https:\/\/www.colazionedaaugusta.it\/?s={search_term_string}\"},\"query-input\":{\"@type\":\"PropertyValueSpecification\",\"valueRequired\":true,\"valueName\":\"search_term_string\"}}],\"inLanguage\":\"fr-FR\"},{\"@type\":\"Organization\",\"@id\":\"https:\/\/www.colazionedaaugusta.it\/#organization\",\"name\":\"Colazione da Augusta\",\"url\":\"https:\/\/www.colazionedaaugusta.it\/\",\"logo\":{\"@type\":\"ImageObject\",\"inLanguage\":\"fr-FR\",\"@id\":\"https:\/\/www.colazionedaaugusta.it\/#\/schema\/logo\/image\/\",\"url\":\"https:\/\/www.colazionedaaugusta.it\/wp-content\/uploads\/2017\/01\/colazione-da-augusta_redim.png\",\"contentUrl\":\"https:\/\/www.colazionedaaugusta.it\/wp-content\/uploads\/2017\/01\/colazione-da-augusta_redim.png\",\"width\":185,\"height\":183,\"caption\":\"Colazione da Augusta\"},\"image\":{\"@id\":\"https:\/\/www.colazionedaaugusta.it\/#\/schema\/logo\/image\/\"},\"sameAs\":[\"http:\/\/www.facebook.com\/colazionedaaugusta\",\"https:\/\/www.instagram.com\/colazionedaaugusta\/\",\"https:\/\/it.pinterest.com\/linuxiana\/\"]}]}<\/script>\n<!-- \/ Yoast SEO plugin. -->","yoast_head_json":{"title":"Colazione da Augusta - arriver \u00e0 Turin en avion","description":"Comment venir chez Colazione da Augusta - rejoindre Turin en avion, le parcours de l'a\u00e9roport \u00e0 notre chambre d'h\u00f4tes","robots":{"index":"index","follow":"follow","max-snippet":"max-snippet:-1","max-image-preview":"max-image-preview:large","max-video-preview":"max-video-preview:-1"},"canonical":"https:\/\/www.colazionedaaugusta.it\/fr\/arriver-a-turin-en-avion\/","og_locale":"fr_FR","og_type":"article","og_title":"Colazione da Augusta - arriver \u00e0 Turin en avion","og_description":"Comment venir chez Colazione da Augusta - rejoindre Turin en avion, le parcours de l'a\u00e9roport \u00e0 notre chambre d'h\u00f4tes","og_url":"https:\/\/www.colazionedaaugusta.it\/fr\/arriver-a-turin-en-avion\/","og_site_name":"Colazione da Augusta - Bed &amp; Breakfast","article_publisher":"http:\/\/www.facebook.com\/colazionedaaugusta","article_modified_time":"2017-05-13T01:10:43+00:00","og_image":[{"url":"https:\/\/www.colazionedaaugusta.it\/wp-content\/uploads\/2016\/03\/aeroporto-caselle-600x339.jpg","type":"","width":"","height":""}],"twitter_card":"summary_large_image","twitter_misc":{"Dur\u00e9e de lecture estim\u00e9e":"4 minutes"},"schema":{"@context":"https:\/\/schema.org","@graph":[{"@type":"WebPage","@id":"https:\/\/www.colazionedaaugusta.it\/fr\/arriver-a-turin-en-avion\/","url":"https:\/\/www.colazionedaaugusta.it\/fr\/arriver-a-turin-en-avion\/","name":"Colazione da Augusta - arriver \u00e0 Turin en avion","isPartOf":{"@id":"https:\/\/www.colazionedaaugusta.it\/#website"},"primaryImageOfPage":{"@id":"https:\/\/www.colazionedaaugusta.it\/fr\/arriver-a-turin-en-avion\/#primaryimage"},"image":{"@id":"https:\/\/www.colazionedaaugusta.it\/fr\/arriver-a-turin-en-avion\/#primaryimage"},"thumbnailUrl":"https:\/\/www.colazionedaaugusta.it\/wp-content\/uploads\/2016\/03\/aeroporto-caselle-600x339.jpg","datePublished":"2017-01-18T23:58:07+00:00","dateModified":"2017-05-13T01:10:43+00:00","description":"Comment venir chez Colazione da Augusta - rejoindre Turin en avion, le parcours de l'a\u00e9roport \u00e0 notre chambre d'h\u00f4tes","breadcrumb":{"@id":"https:\/\/www.colazionedaaugusta.it\/fr\/arriver-a-turin-en-avion\/#breadcrumb"},"inLanguage":"fr-FR","potentialAction":[{"@type":"ReadAction","target":["https:\/\/www.colazionedaaugusta.it\/fr\/arriver-a-turin-en-avion\/"]}]},{"@type":"ImageObject","inLanguage":"fr-FR","@id":"https:\/\/www.colazionedaaugusta.it\/fr\/arriver-a-turin-en-avion\/#primaryimage","url":"https:\/\/www.colazionedaaugusta.it\/wp-content\/uploads\/2016\/03\/aeroporto-caselle-600x339.jpg","contentUrl":"https:\/\/www.colazionedaaugusta.it\/wp-content\/uploads\/2016\/03\/aeroporto-caselle-600x339.jpg"},{"@type":"BreadcrumbList","@id":"https:\/\/www.colazionedaaugusta.it\/fr\/arriver-a-turin-en-avion\/#breadcrumb","itemListElement":[{"@type":"ListItem","position":1,"name":"Home","item":"https:\/\/www.colazionedaaugusta.it\/fr\/"},{"@type":"ListItem","position":2,"name":"Arriver \u00e0 Turin en avion"}]},{"@type":"WebSite","@id":"https:\/\/www.colazionedaaugusta.it\/#website","url":"https:\/\/www.colazionedaaugusta.it\/","name":"Colazione da Augusta - Bed &amp; Breakfast","description":"L&#039;amore per l&#039;ospitalit\u00e0 e la buona cucina","publisher":{"@id":"https:\/\/www.colazionedaaugusta.it\/#organization"},"potentialAction":[{"@type":"SearchAction","target":{"@type":"EntryPoint","urlTemplate":"https:\/\/www.colazionedaaugusta.it\/?s={search_term_string}"},"query-input":{"@type":"PropertyValueSpecification","valueRequired":true,"valueName":"search_term_string"}}],"inLanguage":"fr-FR"},{"@type":"Organization","@id":"https:\/\/www.colazionedaaugusta.it\/#organization","name":"Colazione da Augusta","url":"https:\/\/www.colazionedaaugusta.it\/","logo":{"@type":"ImageObject","inLanguage":"fr-FR","@id":"https:\/\/www.colazionedaaugusta.it\/#\/schema\/logo\/image\/","url":"https:\/\/www.colazionedaaugusta.it\/wp-content\/uploads\/2017\/01\/colazione-da-augusta_redim.png","contentUrl":"https:\/\/www.colazionedaaugusta.it\/wp-content\/uploads\/2017\/01\/colazione-da-augusta_redim.png","width":185,"height":183,"caption":"Colazione da Augusta"},"image":{"@id":"https:\/\/www.colazionedaaugusta.it\/#\/schema\/logo\/image\/"},"sameAs":["http:\/\/www.facebook.com\/colazionedaaugusta","https:\/\/www.instagram.com\/colazionedaaugusta\/","https:\/\/it.pinterest.com\/linuxiana\/"]}]}},"_links":{"self":[{"href":"https:\/\/www.colazionedaaugusta.it\/fr\/wp-json\/wp\/v2\/pages\/4057","targetHints":{"allow":["GET"]}}],"collection":[{"href":"https:\/\/www.colazionedaaugusta.it\/fr\/wp-json\/wp\/v2\/pages"}],"about":[{"href":"https:\/\/www.colazionedaaugusta.it\/fr\/wp-json\/wp\/v2\/types\/page"}],"author":[{"embeddable":true,"href":"https:\/\/www.colazionedaaugusta.it\/fr\/wp-json\/wp\/v2\/users\/1"}],"replies":[{"embeddable":true,"href":"https:\/\/www.colazionedaaugusta.it\/fr\/wp-json\/wp\/v2\/comments?post=4057"}],"version-history":[{"count":0,"href":"https:\/\/www.colazionedaaugusta.it\/fr\/wp-json\/wp\/v2\/pages\/4057\/revisions"}],"wp:attachment":[{"href":"https:\/\/www.colazionedaaugusta.it\/fr\/wp-json\/wp\/v2\/media?parent=4057"}],"curies":[{"name":"wp","href":"https:\/\/api.w.org\/{rel}","templated":true}]}}